{"id":273,"date":"2023-12-14T15:25:08","date_gmt":"2023-12-14T14:25:08","guid":{"rendered":"https:\/\/vendino.com\/?page_id=273"},"modified":"2024-04-02T07:30:32","modified_gmt":"2024-04-02T06:30:32","slug":"deveniti-partener","status":"publish","type":"page","link":"https:\/\/vendino.com\/ro\/deveniti-partener\/","title":{"rendered":"Deveni\u021bi partener"},"content":{"rendered":"<div class=\"wp-block-group alignfull has-accent-4-background-color has-background has-global-padding is-layout-constrained wp-container-core-group-is-layout-d89aad35 wp-block-group-is-layout-constrained\" style=\"margin-top:0;margin-bottom:0;padding-top:var(--wp--preset--spacing--50);padding-right:var(--wp--preset--spacing--50);padding-bottom:var(--wp--preset--spacing--50);padding-left:var(--wp--preset--spacing--50)\">\n<div class=\"wp-block-group alignwide is-vertical is-layout-flex wp-container-core-group-is-layout-fe9cc265 wp-block-group-is-layout-flex\">\n<div class=\"wp-block-columns alignwide is-layout-flex wp-container-core-columns-is-layout-1da03c2a wp-block-columns-is-layout-flex\">\n<div class=\"wp-block-column is-vertically-aligned-center is-layout-flow wp-block-column-is-layout-flow\" style=\"padding-top:0;padding-bottom:0;flex-basis:40%\">\n<h2 class=\"wp-block-heading has-base-color has-text-color has-link-color wp-elements-f10bad1e6d9f3defe17c61649caa2315\"><strong>Sunte\u021bi interesat de o&nbsp;<mark style=\"background-color:rgba(0, 0, 0, 0)\" class=\"has-inline-color has-accent-2-color\">Parteneriat?<\/mark><\/strong><\/h2>\n\n\n\n<p class=\"has-base-color has-text-color has-link-color wp-elements-eeadf01e9cc24aac907a8d9920e80e24\">Sunte\u021bi o agen\u021bie web sau oferi\u021bi servicii pentru<br>comer\u021b electronic? Haide\u021bi s\u0103 explor\u0103m \u00eempreun\u0103 noi oportunit\u0103\u021bi.<\/p>\n<\/div>\n\n\n\n<div class=\"wp-block-column is-vertically-aligned-center is-layout-flow wp-block-column-is-layout-flow\" style=\"flex-basis:60%\">\n<figure class=\"wp-block-image aligncenter size-full is-resized is-style-default wp-duotone-unset-1\"><img decoding=\"async\" width=\"622\" height=\"576\" src=\"https:\/\/vendino.com\/wp-content\/uploads\/hi-five-dark.png\" alt=\"Hi Five Dark\" class=\"wp-image-363\" style=\"width:auto;height:350px\"\/><\/figure>\n<\/div>\n<\/div>\n<\/div>\n<\/div>\n\n\n\n<div class=\"wp-block-group alignfull has-base-2-background-color has-background has-global-padding is-layout-constrained wp-container-core-group-is-layout-55f0df76 wp-block-group-is-layout-constrained\" style=\"margin-top:0;margin-bottom:0;padding-top:var(--wp--preset--spacing--50);padding-right:var(--wp--preset--spacing--40);padding-bottom:var(--wp--preset--spacing--50);padding-left:var(--wp--preset--spacing--40)\">\n<div class=\"wp-block-group alignwide is-vertical is-content-justification-center is-layout-flex wp-container-core-group-is-layout-ce155fab wp-block-group-is-layout-flex\">\n<div class=\"wp-block-group is-vertical is-content-justification-center is-layout-flex wp-container-core-group-is-layout-6d5e4199 wp-block-group-is-layout-flex\" style=\"margin-top:0;margin-bottom:0\">\n<h2 class=\"wp-block-heading has-text-align-center is-style-default\">Vendino v\u0103 ajut\u0103 clien\u021bii<\/h2>\n\n\n\n<h3 class=\"wp-block-heading has-text-align-center has-medium-font-size\">V\u0103 ajut\u0103m pe dvs. \u0219i pe clien\u021bii dvs. s\u0103 cre\u0219te\u021bi \u0219i s\u0103 economisi\u021bi timp. Oferi\u021bi serviciile noastre clien\u021bilor dvs. \u0219i crea\u021bi valoare.<\/h3>\n<\/div>\n\n\n\n<div class=\"wp-block-columns alignwide is-layout-flex wp-container-core-columns-is-layout-d0bbbce0 wp-block-columns-is-layout-flex\">\n<div class=\"wp-block-column is-layout-flow wp-container-core-column-is-layout-e3d1c41b wp-block-column-is-layout-flow\">\n<div class=\"wp-block-group is-nowrap is-layout-flex wp-container-core-group-is-layout-6c531013 wp-block-group-is-layout-flex\">\n<figure class=\"wp-block-image size-full is-resized wp-duotone-31bf9a-31bf9a-2\"><img decoding=\"async\" src=\"https:\/\/vendino.com\/wp-content\/uploads\/discounttag.svg\" alt=\"Reducere zi\" class=\"wp-image-720\" style=\"width:auto;height:40px\"\/><\/figure>\n\n\n\n<p><strong> Pre\u021buri competitive<\/strong><\/p>\n<\/div>\n\n\n\n<p class=\"has-text-align-left\">Clien\u021bii dvs. pot beneficia de pre\u021burile noastre atractive. Am \u00eemp\u0103r\u021bit pre\u021burile \u00een diferite pachete, astfel \u00eenc\u00e2t s\u0103 existe o solu\u021bie pentru fiecare nevoie.<\/p>\n<\/div>\n\n\n\n<div class=\"wp-block-column is-layout-flow wp-container-core-column-is-layout-e3d1c41b wp-block-column-is-layout-flow\">\n<div class=\"wp-block-group is-nowrap is-layout-flex wp-container-core-group-is-layout-6c531013 wp-block-group-is-layout-flex\">\n<figure class=\"wp-block-image size-full is-resized wp-duotone-31bf9a-31bf9a-3\"><img decoding=\"async\" src=\"https:\/\/vendino.com\/wp-content\/uploads\/loop.svg\" alt=\"Bucla\" class=\"wp-image-724\" style=\"width:auto;height:40px\"\/><\/figure>\n\n\n\n<p><strong>Surs\u0103 suplimentar\u0103 de venit<\/strong><\/p>\n<\/div>\n\n\n\n<p class=\"has-text-align-left\">Deschide\u021bi un nou flux de venituri prin recomandarea serviciilor noastre clien\u021bilor dvs. care au deja nevoie de produsul nostru. Ve\u021bi primi pl\u0103\u021bi recurente at\u00e2ta timp c\u00e2t clientul este cu noi.<\/p>\n<\/div>\n\n\n\n<div class=\"wp-block-column is-layout-flow wp-container-core-column-is-layout-e3d1c41b wp-block-column-is-layout-flow\">\n<div class=\"wp-block-group is-nowrap is-layout-flex wp-container-core-group-is-layout-6c531013 wp-block-group-is-layout-flex\">\n<figure class=\"wp-block-image size-full is-resized wp-duotone-31bf9a-31bf9a-4\"><img decoding=\"async\" src=\"https:\/\/vendino.com\/wp-content\/uploads\/calendar.svg\" alt=\"Calendar\" class=\"wp-image-718\" style=\"width:auto;height:40px\"\/><\/figure>\n\n\n\n<p><strong>Integrare rapid\u0103<\/strong><\/p>\n<\/div>\n\n\n\n<h3 class=\"wp-block-heading has-text-align-left is-style-default has-body-font-family has-medium-font-size\" style=\"font-style:normal;font-weight:600\">tig onboarding<\/h3>\n\n\n\n<p class=\"has-text-align-left\">Cu Vendino, clien\u021bii dvs. vor putea importa produse \u00een magazinul lor online \u00een c\u00e2teva minute. Dac\u0103 au propriile lor fluxuri, dureaz\u0103 doar 1-3 zile.<\/p>\n<\/div>\n<\/div>\n\n\n\n<div class=\"wp-block-columns alignwide is-layout-flex wp-container-core-columns-is-layout-d0bbbce0 wp-block-columns-is-layout-flex\">\n<div class=\"wp-block-column is-layout-flow wp-container-core-column-is-layout-e3d1c41b wp-block-column-is-layout-flow\">\n<div class=\"wp-block-group is-nowrap is-layout-flex wp-container-core-group-is-layout-6c531013 wp-block-group-is-layout-flex\">\n<figure class=\"wp-block-image size-full is-resized wp-duotone-31bf9a-31bf9a-5\"><img decoding=\"async\" src=\"https:\/\/vendino.com\/wp-content\/uploads\/hourglass.svg\" alt=\"Clepsidr\u0103\" class=\"wp-image-722\" style=\"width:auto;height:40px\"\/><\/figure>\n\n\n\n<p><strong>Integrare perfect\u0103<\/strong><\/p>\n<\/div>\n\n\n\n<p class=\"has-text-align-left\">Vendino a dezvoltat aplica\u021bii\/plugins pentru cele mai mari sisteme CMS din lume. Este u\u0219or de instalat \u0219i de \u00eenceput - de fapt, instalarea dureaz\u0103 doar c\u00e2teva minute.<\/p>\n<\/div>\n\n\n\n<div class=\"wp-block-column is-layout-flow wp-container-core-column-is-layout-e3d1c41b wp-block-column-is-layout-flow\">\n<div class=\"wp-block-group is-nowrap is-layout-flex wp-container-core-group-is-layout-6c531013 wp-block-group-is-layout-flex\">\n<figure class=\"wp-block-image size-full is-resized wp-duotone-31bf9a-31bf9a-6\"><img decoding=\"async\" src=\"https:\/\/vendino.com\/wp-content\/uploads\/message.svg\" alt=\"Mesaj\" class=\"wp-image-726\" style=\"width:auto;height:40px\"\/><\/figure>\n\n\n\n<p><strong>Serviciul clien\u021bi<\/strong><\/p>\n<\/div>\n\n\n\n<p class=\"has-text-align-left\">Serviciul nostru prietenos \u0219i eficient de rela\u021bii cu clien\u021bii este preg\u0103tit s\u0103 r\u0103spund\u0103 la orice \u00eentrebare pe care dumneavoastr\u0103 \u0219i clien\u021bii dumneavoastr\u0103 o pute\u021bi avea. Vendino ofer\u0103 servicii pentru clien\u021bi at\u00e2t prin telefon, c\u00e2t \u0219i prin e-mail.<\/p>\n<\/div>\n\n\n\n<div class=\"wp-block-column is-layout-flow wp-container-core-column-is-layout-e3d1c41b wp-block-column-is-layout-flow\">\n<div class=\"wp-block-group is-nowrap is-layout-flex wp-container-core-group-is-layout-6c531013 wp-block-group-is-layout-flex\">\n<figure class=\"wp-block-image size-full is-resized wp-duotone-31bf9a-31bf9a-7\"><img decoding=\"async\" src=\"https:\/\/vendino.com\/wp-content\/uploads\/codetag.svg\" alt=\"Etichet\u0103 de cod\" class=\"wp-image-719\" style=\"width:auto;height:40px\"\/><\/figure>\n\n\n\n<p><strong>Mai pu\u021bine complica\u021bii<\/strong><\/p>\n<\/div>\n\n\n\n<p class=\"has-text-align-left\">Mantra noastr\u0103 este s\u0103 faci ceea ce \u0219tii s\u0103 faci \u0219i s\u0103 la\u0219i restul pe seama altora. Am eliminat complica\u021bia integr\u0103rii fluxurilor de produse CSV \u0219i XML \u00een magazinul online. Ave\u021bi mai mult timp pentru a face ceea ce v\u0103 pricepe\u021bi.<\/p>\n<\/div>\n<\/div>\n<\/div>\n<\/div>\n\n\n\n<div class=\"wp-block-group alignfull has-global-padding is-layout-constrained wp-container-core-group-is-layout-d89aad35 wp-block-group-is-layout-constrained\" style=\"margin-top:0;margin-bottom:0;padding-top:var(--wp--preset--spacing--50);padding-right:var(--wp--preset--spacing--50);padding-bottom:var(--wp--preset--spacing--50);padding-left:var(--wp--preset--spacing--50)\">\n<div class=\"wp-block-group alignwide has-base-2-background-color has-background is-vertical is-content-justification-center is-layout-flex wp-container-core-group-is-layout-49619c52 wp-block-group-is-layout-flex\" style=\"border-radius:16px;padding-top:var(--wp--preset--spacing--40);padding-right:var(--wp--preset--spacing--50);padding-bottom:var(--wp--preset--spacing--40);padding-left:var(--wp--preset--spacing--50)\">\n<h2 class=\"wp-block-heading has-text-align-center has-x-large-font-size\">Vrei s\u0103 fii partenerul nostru?<\/h2>\n\n\n\n<p class=\"has-text-align-center\">Contacta\u021bi-ne dac\u0103 dori\u021bi s\u0103 deveni\u021bi partener.<\/p>\n\n\n\n<p class=\"has-text-align-center\"><a href=\"mailto:hello@vendino.com\">Scrie\u021bi la&nbsp;<\/a><a href=\"mailto:hello@vendino.com\">hello@vendino.com<\/a><\/p>\n<\/div>\n<\/div>","protected":false},"excerpt":{"rendered":"<p>Er du interesseret i et&nbsp;partnerskab? Er du webbureau eller tilbyder du services tile-handel? Lad os se p\u00e5 nye muligheder sammen. Vendino hj\u00e6lper dine kunder Vi hj\u00e6lper dig og dine kunder med at vokse og spare tid. Tilbyd vores services til dine kunder og skab v\u00e6rdi. Konkurrencedygtige priser Dine kunder kan drage fordel af vores attraktive [&hellip;]<\/p>\n","protected":false},"author":1,"featured_media":0,"parent":0,"menu_order":0,"comment_status":"closed","ping_status":"closed","template":"page-no-title","meta":{"_acf_changed":false,"iawp_total_views":160,"footnotes":""},"class_list":["post-273","page","type-page","status-publish","hentry"],"acf":[],"_links":{"self":[{"href":"https:\/\/vendino.com\/ro\/wp-json\/wp\/v2\/pages\/273","targetHints":{"allow":["GET"]}}],"collection":[{"href":"https:\/\/vendino.com\/ro\/wp-json\/wp\/v2\/pages"}],"about":[{"href":"https:\/\/vendino.com\/ro\/wp-json\/wp\/v2\/types\/page"}],"author":[{"embeddable":true,"href":"https:\/\/vendino.com\/ro\/wp-json\/wp\/v2\/users\/1"}],"replies":[{"embeddable":true,"href":"https:\/\/vendino.com\/ro\/wp-json\/wp\/v2\/comments?post=273"}],"version-history":[{"count":0,"href":"https:\/\/vendino.com\/ro\/wp-json\/wp\/v2\/pages\/273\/revisions"}],"wp:attachment":[{"href":"https:\/\/vendino.com\/ro\/wp-json\/wp\/v2\/media?parent=273"}],"curies":[{"name":"wp","href":"https:\/\/api.w.org\/{rel}","templated":true}]}}