{"id":278,"date":"2023-12-14T15:30:24","date_gmt":"2023-12-14T14:30:24","guid":{"rendered":"https:\/\/vendino.com\/?page_id=278"},"modified":"2024-04-02T07:31:57","modified_gmt":"2024-04-02T06:31:57","slug":"dropshipping","status":"publish","type":"page","link":"https:\/\/vendino.com\/ro\/dropshipping\/","title":{"rendered":"Dropshipping"},"content":{"rendered":"<div class=\"wp-block-group alignfull has-base-color has-accent-4-background-color has-text-color has-background has-link-color wp-elements-27d269e35957db8eb8a1d28102ce0688 has-global-padding is-layout-constrained wp-container-core-group-is-layout-b9940f7e wp-block-group-is-layout-constrained\" style=\"margin-top:0;margin-bottom:0;padding-top:var(--wp--preset--spacing--50);padding-right:var(--wp--preset--spacing--40);padding-bottom:var(--wp--preset--spacing--50);padding-left:var(--wp--preset--spacing--40)\">\n<div class=\"wp-block-group alignwide is-vertical is-content-justification-center is-layout-flex wp-container-core-group-is-layout-81423f52 wp-block-group-is-layout-flex\">\n<div class=\"wp-block-columns alignwide is-layout-flex wp-container-core-columns-is-layout-87beb0d0 wp-block-columns-is-layout-flex\">\n<div class=\"wp-block-column is-vertically-aligned-center is-layout-flow wp-block-column-is-layout-flow\" style=\"flex-basis:40%\">\n<h1 class=\"wp-block-heading is-style-default has-base-color has-text-color has-link-color has-x-large-font-size wp-elements-d6859f846fc1243f179582fffacc7810\">Dropshipping f\u0103cut mai u\u0219or<\/h1>\n\n\n\n<h2 class=\"wp-block-heading has-base-color has-text-color has-link-color has-medium-font-size wp-elements-dc7de96abb68cb5e9c02de5e502313bb\">P\u0103stra\u021bi magazinul dvs. online actualizat cu datele de inventar ale furnizorului dvs. din mers. Integra\u021bi magazinul dvs. online direct cu inventarul furnizorilor dvs.<\/h2>\n\n\n\n<ul style=\"line-height:1.75\" class=\"is-style-checkmark-list wp-block-list\">\n<li>Integr\u0103ri cu propriii furnizori<\/li>\n\n\n\n<li>Stimularea cre\u0219terii prin procese mai bune<\/li>\n\n\n\n<li>Actualizarea automat\u0103 a st\u0103rii stocurilor<\/li>\n\n\n\n<li>Actualizarea automat\u0103 a pre\u021burilor<\/li>\n<\/ul>\n<\/div>\n\n\n\n<div class=\"wp-block-column is-layout-flow wp-block-column-is-layout-flow\" style=\"flex-basis:60%\">\n<figure class=\"wp-block-image size-large is-style-rounded is-style-rounded--1\"><img decoding=\"async\" width=\"1536\" height=\"796\" src=\"https:\/\/vendino.com\/wp-content\/uploads\/vendino-platform-1536x796.png\" alt=\"Platforma Vendino\" class=\"wp-image-331\" srcset=\"https:\/\/vendino.com\/wp-content\/uploads\/vendino-platform-1536x796.png 1536w, https:\/\/vendino.com\/wp-content\/uploads\/vendino-platform-768x398.png 768w, https:\/\/vendino.com\/wp-content\/uploads\/vendino-platform.png 1645w\" sizes=\"(max-width: 1536px) 100vw, 1536px\" \/><\/figure>\n<\/div>\n<\/div>\n<\/div>\n<\/div>\n\n\n\n<div class=\"wp-block-group alignfull has-base-2-background-color has-background has-global-padding is-layout-constrained wp-container-core-group-is-layout-ca038469 wp-block-group-is-layout-constrained\" style=\"margin-top:0;margin-bottom:0;padding-top:var(--wp--preset--spacing--50);padding-right:var(--wp--preset--spacing--40);padding-bottom:var(--wp--preset--spacing--50);padding-left:var(--wp--preset--spacing--40)\">\n<div class=\"wp-block-group alignwide is-vertical is-content-justification-center is-layout-flex wp-container-core-group-is-layout-c9ee0c5a wp-block-group-is-layout-flex\">\n<div class=\"wp-block-group is-vertical is-content-justification-center is-layout-flex wp-container-core-group-is-layout-ce155fab wp-block-group-is-layout-flex\">\n<h2 class=\"wp-block-heading is-style-default\">Cum ajut\u0103 Vendino cu dropshipping-ul<\/h2>\n\n\n\n<p class=\"has-text-align-center\">Evita\u021bi procesele manuale de dropshipping - Vendino v\u0103 economise\u0219te timp \u0219i efort.<\/p>\n<\/div>\n\n\n\n<div class=\"wp-block-columns alignwide is-layout-flex wp-container-core-columns-is-layout-d0bbbce0 wp-block-columns-is-layout-flex\">\n<div class=\"wp-block-column is-layout-flow wp-container-core-column-is-layout-e3d1c41b wp-block-column-is-layout-flow\">\n<div class=\"wp-block-group is-nowrap is-layout-flex wp-container-core-group-is-layout-6c531013 wp-block-group-is-layout-flex\">\n<figure class=\"wp-block-image size-full is-resized wp-duotone-31bf9a-31bf9a-2\"><img decoding=\"async\" src=\"https:\/\/vendino.com\/wp-content\/uploads\/loop.svg\" alt=\"Bucla\" class=\"wp-image-724\" style=\"width:auto;height:40px\"\/><\/figure>\n\n\n\n<h3 class=\"wp-block-heading has-text-align-left is-style-default has-body-font-family has-medium-font-size\" style=\"font-style:normal;font-weight:600\">P\u0103stra\u021bi leg\u0103tura cu furnizorul<\/h3>\n<\/div>\n\n\n\n<p class=\"has-text-align-left\">Actualiza\u021bi datele despre produse ale magazinului dvs. online cu informa\u021biile pe care le pute\u021bi ob\u021bine de la furnizorul dvs.<\/p>\n\n\n\n<ul class=\"is-style-checkmark-list wp-block-list\">\n<li>Sincronizarea depozitului<\/li>\n\n\n\n<li>Scap\u0103 de fi\u0219ierele CSV \u0219i XML<\/li>\n\n\n\n<li>L\u0103sa\u021bi Vendino s\u0103 se ocupe de configurare<\/li>\n<\/ul>\n<\/div>\n\n\n\n<div class=\"wp-block-column is-layout-flow wp-container-core-column-is-layout-e3d1c41b wp-block-column-is-layout-flow\">\n<div class=\"wp-block-group is-nowrap is-layout-flex wp-container-core-group-is-layout-6c531013 wp-block-group-is-layout-flex\">\n<figure class=\"wp-block-image size-full is-resized wp-duotone-31bf9a-31bf9a-3\"><img decoding=\"async\" src=\"https:\/\/vendino.com\/wp-content\/uploads\/cursor.svg\" alt=\"Cursor\" class=\"wp-image-686\" style=\"width:auto;height:40px\"\/><\/figure>\n\n\n\n<h3 class=\"wp-block-heading has-text-align-left is-style-default has-body-font-family has-medium-font-size\" style=\"font-style:normal;font-weight:600\">Comenzi mai u\u0219oare<\/h3>\n\n\n\n<h3 class=\"wp-block-heading has-text-align-left is-style-default has-body-font-family has-medium-font-size\" style=\"font-style:normal;font-weight:600\"><\/h3>\n<\/div>\n\n\n\n<p class=\"has-text-align-left\">Elimina\u021bi pierderile de timp atunci c\u00e2nd comanda\u021bi de la furnizorul dvs.<\/p>\n\n\n\n<ul class=\"is-style-checkmark-list wp-block-list\">\n<li>Maparea elementelor \u00een lista de ordine<\/li>\n\n\n\n<li>C\u0103utare u\u0219oar\u0103 dup\u0103 SKU<\/li>\n\n\n\n<li>Ghiduri pentru comanda de la un furnizor<\/li>\n\n\n\n<li>Procese de comand\u0103 optimizate<\/li>\n<\/ul>\n<\/div>\n\n\n\n<div class=\"wp-block-column is-layout-flow wp-container-core-column-is-layout-e3d1c41b wp-block-column-is-layout-flow\">\n<div class=\"wp-block-group is-nowrap is-layout-flex wp-container-core-group-is-layout-6c531013 wp-block-group-is-layout-flex\">\n<figure class=\"wp-block-image size-full is-resized wp-duotone-31bf9a-31bf9a-4\"><img decoding=\"async\" src=\"https:\/\/vendino.com\/wp-content\/uploads\/discounttag.svg\" alt=\"Reducere zi\" class=\"wp-image-720\" style=\"width:auto;height:40px\"\/><\/figure>\n\n\n\n<h3 class=\"wp-block-heading has-text-align-left is-style-default has-body-font-family has-medium-font-size\" style=\"font-style:normal;font-weight:600\">Configura\u021bi propriile reguli de stabilire a pre\u021burilor<\/h3>\n\n\n\n<h3 class=\"wp-block-heading has-text-align-left is-style-default has-body-font-family has-medium-font-size\" style=\"font-style:normal;font-weight:600\"><\/h3>\n<\/div>\n\n\n\n<p class=\"has-text-align-left\">Optimiza\u021bi pre\u021burile din magazinul dvs. online pentru a ob\u021bine competitivitate, precum \u0219i o afacere profitabil\u0103.<\/p>\n\n\n\n<ul class=\"is-style-checkmark-list wp-block-list\">\n<li>Ajustarea automat\u0103 a pre\u021burilor<\/li>\n\n\n\n<li>Stabilirea normelor pentru rata de acoperire<\/li>\n\n\n\n<li>Crea\u021bi cu pre\u021buri de v\u00e2nzare cu am\u0103nuntul sugerate implicit. pre\u021buri cu am\u0103nuntul<\/li>\n\n\n\n<li>Ob\u021binerea de c\u00e2\u0219tiguri solide<\/li>\n<\/ul>\n<\/div>\n<\/div>\n<\/div>\n<\/div>\n\n\n\n<div class=\"wp-block-group alignfull has-global-padding is-layout-constrained wp-container-core-group-is-layout-d89aad35 wp-block-group-is-layout-constrained\" style=\"margin-top:0;margin-bottom:0;padding-top:var(--wp--preset--spacing--50);padding-right:var(--wp--preset--spacing--50);padding-bottom:var(--wp--preset--spacing--50);padding-left:var(--wp--preset--spacing--50)\">\n<div class=\"wp-block-group alignwide is-vertical is-content-justification-center is-layout-flex wp-container-core-group-is-layout-81423f52 wp-block-group-is-layout-flex\">\n<figure class=\"wp-block-image size-full is-resized wp-duotone-31bf9a-31bf9a-5\"><img decoding=\"async\" src=\"https:\/\/vendino.com\/wp-content\/uploads\/boxes.svg\" alt=\"Cutii\" class=\"wp-image-684\" style=\"width:auto;height:80px\"\/><\/figure>\n\n\n\n<div class=\"wp-block-group is-vertical is-content-justification-center is-layout-flex wp-container-core-group-is-layout-45828fd1 wp-block-group-is-layout-flex\">\n<h2 class=\"wp-block-heading has-text-align-center is-style-default\">Sunte\u021bi gata s\u0103 v\u0103 duce\u021bi magazinul online la nivelul urm\u0103tor?<\/h2>\n\n\n\n<p class=\"has-text-align-center\">Spune\u021bi adio proceselor manuale, fi\u0219ierelor CSV &amp; XML, erorilor de stabilire a pre\u021burilor \u0219i tuturor celorlalte lucruri care \u00eengreuneaz\u0103 via\u021ba unui proprietar de magazin online. \u00cencerca\u021bi Vendino gratuit.<\/p>\n<\/div>\n\n\n\n<div class=\"wp-block-buttons is-content-justification-center is-layout-flex wp-container-core-buttons-is-layout-b481f376 wp-block-buttons-is-layout-flex\" style=\"margin-top:var(--wp--preset--spacing--10);margin-bottom:var(--wp--preset--spacing--10)\">\n<div class=\"wp-block-button\"><a class=\"wp-block-button__link has-accent-4-background-color has-background has-text-align-center wp-element-button\" href=\"https:\/\/app.vendino.com\/auth\/signup\">\u00cencearc\u0103 Vendino gratuit<\/a><\/div>\n<\/div>\n\n\n\n<div class=\"wp-block-group is-vertical is-content-justification-center is-layout-flex wp-container-core-group-is-layout-ce155fab wp-block-group-is-layout-flex\">\n<ul class=\"is-style-checkmark-list wp-block-list\">\n<li><em>\u00censcriere gratuit\u0103 - Nu este nevoie de card de credit.<\/em><\/li>\n<\/ul>\n<\/div>\n<\/div>\n<\/div>","protected":false},"excerpt":{"rendered":"<p>Dropshipping Gjort Nemmere Hold din netbutik opdateret med din leverand\u00f8rs varedata on-the-go. Integrer din webshop direkte med dine leverand\u00f8rers varelager. S\u00e5dan hj\u00e6lper Vendino med dropshipping Slip for manuelle dropshipping processer &#8211; med Vendino sparer du tid og besv\u00e6r. Bliv forbundet med leverand\u00f8ren Hold din netbutiks varedata l\u00f8bende opdateret med de oplysninger, som du kan indhente [&hellip;]<\/p>\n","protected":false},"author":1,"featured_media":0,"parent":0,"menu_order":0,"comment_status":"closed","ping_status":"closed","template":"page-no-title","meta":{"_acf_changed":false,"iawp_total_views":357,"footnotes":""},"class_list":["post-278","page","type-page","status-publish","hentry"],"acf":[],"_links":{"self":[{"href":"https:\/\/vendino.com\/ro\/wp-json\/wp\/v2\/pages\/278","targetHints":{"allow":["GET"]}}],"collection":[{"href":"https:\/\/vendino.com\/ro\/wp-json\/wp\/v2\/pages"}],"about":[{"href":"https:\/\/vendino.com\/ro\/wp-json\/wp\/v2\/types\/page"}],"author":[{"embeddable":true,"href":"https:\/\/vendino.com\/ro\/wp-json\/wp\/v2\/users\/1"}],"replies":[{"embeddable":true,"href":"https:\/\/vendino.com\/ro\/wp-json\/wp\/v2\/comments?post=278"}],"version-history":[{"count":0,"href":"https:\/\/vendino.com\/ro\/wp-json\/wp\/v2\/pages\/278\/revisions"}],"wp:attachment":[{"href":"https:\/\/vendino.com\/ro\/wp-json\/wp\/v2\/media?parent=278"}],"curies":[{"name":"wp","href":"https:\/\/api.w.org\/{rel}","templated":true}]}}