{"id":280,"date":"2023-12-14T15:30:37","date_gmt":"2023-12-14T14:30:37","guid":{"rendered":"https:\/\/vendino.com\/?page_id=280"},"modified":"2024-04-02T07:32:59","modified_gmt":"2024-04-02T06:32:59","slug":"catalog-de-produse","status":"publish","type":"page","link":"https:\/\/vendino.com\/ro\/catalog-de-produse\/","title":{"rendered":"Catalog de produse"},"content":{"rendered":"<div class=\"wp-block-group alignfull has-base-2-color has-accent-4-background-color has-text-color has-background has-link-color wp-elements-9b8d71f8f99d65550d488c4935f4d634 has-global-padding is-layout-constrained wp-container-core-group-is-layout-b9940f7e wp-block-group-is-layout-constrained\" style=\"margin-top:0;margin-bottom:0;padding-top:var(--wp--preset--spacing--50);padding-right:var(--wp--preset--spacing--40);padding-bottom:var(--wp--preset--spacing--50);padding-left:var(--wp--preset--spacing--40)\">\n<div class=\"wp-block-group alignwide is-vertical is-layout-flex wp-container-core-group-is-layout-4b827052 wp-block-group-is-layout-flex\">\n<div class=\"wp-block-columns alignwide is-layout-flex wp-container-core-columns-is-layout-a85f4655 wp-block-columns-is-layout-flex\">\n<div class=\"wp-block-column is-vertically-aligned-center is-layout-flow wp-container-core-column-is-layout-22223934 wp-block-column-is-layout-flow\" style=\"flex-basis:50%\">\n<h1 class=\"wp-block-heading is-style-default has-base-2-color has-text-color has-link-color has-x-large-font-size wp-elements-a96203ae0f05b0a15c7a58e4c12f2c7a\">A unificat<br>catalog de produse<\/h1>\n\n\n\n<h2 class=\"wp-block-heading has-base-2-color has-text-color has-link-color has-medium-font-size wp-elements-12faf1d6d6f91fb488053bb8c98eb311\">Accesa\u021bi produse de la furnizori danezi \u0219i europeni dintr-un singur catalog de produse.<\/h2>\n\n\n\n<div class=\"wp-block-columns is-layout-flex wp-container-core-columns-is-layout-2d11b922 wp-block-columns-is-layout-flex\" style=\"padding-top:0;padding-right:0;padding-bottom:0;padding-left:0\">\n<div class=\"wp-block-column is-layout-flow wp-container-core-column-is-layout-b2a27621 wp-block-column-is-layout-flow\" style=\"padding-top:0;padding-right:0;padding-bottom:0;padding-left:0\">\n<div class=\"wp-block-group is-content-justification-center is-nowrap is-layout-flex wp-container-core-group-is-layout-b93cabc5 wp-block-group-is-layout-flex\">\n<div class=\"wp-block-group has-global-padding is-layout-constrained wp-block-group-is-layout-constrained\">\n<div class=\"wp-block-group is-nowrap is-layout-flex wp-container-core-group-is-layout-6c531013 wp-block-group-is-layout-flex\">\n<figure class=\"wp-block-image size-full is-resized is-style-default wp-duotone-ffffff-f9fafc-1\"><img decoding=\"async\" src=\"https:\/\/vendino.com\/wp-content\/uploads\/microscope.svg\" alt=\"Microscop\" class=\"wp-image-727\" style=\"width:auto;height:40px\"\/><\/figure>\n\n\n\n<h3 class=\"wp-block-heading has-base-2-color has-text-color has-link-color has-medium-font-size wp-elements-1413c29d7dd5a5a2c02697ce8305698a\"><strong><strong>Transparen\u021b\u0103 \u0219i deschidere<\/strong><\/strong><\/h3>\n<\/div>\n\n\n\n<p>Compara\u021bi pre\u021burile acelora\u0219i SKU-uri de la diferi\u021bi furnizori \u0219i potrivi\u021bi produsele \u00een func\u021bie de nevoile dumneavoastr\u0103.<\/p>\n<\/div>\n<\/div>\n<\/div>\n\n\n\n<div class=\"wp-block-column is-layout-flow wp-block-column-is-layout-flow\">\n<div class=\"wp-block-group is-content-justification-center is-nowrap is-layout-flex wp-container-core-group-is-layout-b93cabc5 wp-block-group-is-layout-flex\">\n<div class=\"wp-block-group has-global-padding is-layout-constrained wp-block-group-is-layout-constrained\">\n<div class=\"wp-block-group is-nowrap is-layout-flex wp-container-core-group-is-layout-6c531013 wp-block-group-is-layout-flex\">\n<figure class=\"wp-block-image size-full is-resized wp-duotone-ffffff-ffffff-2\"><img decoding=\"async\" src=\"https:\/\/vendino.com\/wp-content\/uploads\/logbook.svg\" alt=\"Jurnal de bord\" class=\"wp-image-723\" style=\"width:auto;height:40px\"\/><\/figure>\n\n\n\n<h3 class=\"wp-block-heading has-base-2-color has-text-color has-link-color has-medium-font-size wp-elements-f980115b93ba998b9c4a865b811b4708\"><strong><strong><strong>G\u0103si\u021bi furnizori noi<\/strong><\/strong><\/strong><\/h3>\n<\/div>\n\n\n\n<p class=\"has-text-align-left\">C\u0103uta\u021bi noi furnizori de produse pentru magazinul dumneavoastr\u0103? Evita\u021bi t\u00e2rgurile, c\u0103ut\u0103rile online \u0219i anuarele. Am adunat cei mai buni furnizori \u00eentr-un singur loc.<\/p>\n<\/div>\n<\/div>\n<\/div>\n<\/div>\n<\/div>\n\n\n\n<div class=\"wp-block-column is-layout-flow wp-block-column-is-layout-flow\" style=\"flex-basis:50%\">\n<figure class=\"wp-block-image size-large is-style-rounded is-style-rounded--3\"><img decoding=\"async\" width=\"1536\" height=\"796\" src=\"https:\/\/vendino.com\/wp-content\/uploads\/vendino-platform-1536x796.png\" alt=\"Platforma Vendino\" class=\"wp-image-331\" srcset=\"https:\/\/vendino.com\/wp-content\/uploads\/vendino-platform-1536x796.png 1536w, https:\/\/vendino.com\/wp-content\/uploads\/vendino-platform-768x398.png 768w, https:\/\/vendino.com\/wp-content\/uploads\/vendino-platform.png 1645w\" sizes=\"(max-width: 1536px) 100vw, 1536px\" \/><\/figure>\n<\/div>\n<\/div>\n<\/div>\n<\/div>\n\n\n\n<div class=\"wp-block-group alignfull has-base-2-background-color has-background has-global-padding is-layout-constrained wp-container-core-group-is-layout-ca038469 wp-block-group-is-layout-constrained\" style=\"margin-top:0;margin-bottom:0;padding-top:var(--wp--preset--spacing--50);padding-right:var(--wp--preset--spacing--40);padding-bottom:var(--wp--preset--spacing--50);padding-left:var(--wp--preset--spacing--40)\">\n<div class=\"wp-block-group alignwide is-vertical is-layout-flex wp-container-core-group-is-layout-4347e2ee wp-block-group-is-layout-flex\" style=\"padding-top:0;padding-right:0;padding-bottom:0;padding-left:0\">\n<div class=\"wp-block-group is-vertical is-content-justification-center is-layout-flex wp-container-core-group-is-layout-6d5e4199 wp-block-group-is-layout-flex\" style=\"margin-top:0;margin-bottom:0\">\n<h2 class=\"wp-block-heading has-text-align-center is-style-default\">Deschide\u021bi-v\u0103 c\u0103tre o lume de furnizori<\/h2>\n\n\n\n<p class=\"has-text-align-center\">Vendino este catalogul dvs. digital de produse. V\u0103 punem \u00een leg\u0103tur\u0103 cu bunuri de la cei mai mici \u0219i cei mai mari furnizori din Danemarca \u0219i din restul lumii, astfel \u00eenc\u00e2t s\u0103 v\u0103 pute\u021bi procura produse \u00een cuno\u0219tin\u021b\u0103 de cauz\u0103. Suntem \u00een favoarea transparen\u021bei, a transparen\u021bei \u0219i a unei pie\u021be eficiente.<\/p>\n<\/div>\n\n\n\n<div class=\"wp-block-columns alignwide is-layout-flex wp-container-core-columns-is-layout-d0bbbce0 wp-block-columns-is-layout-flex\">\n<div class=\"wp-block-column is-layout-flow wp-container-core-column-is-layout-e3d1c41b wp-block-column-is-layout-flow\">\n<div class=\"wp-block-group is-nowrap is-layout-flex wp-container-core-group-is-layout-6c531013 wp-block-group-is-layout-flex\">\n<figure class=\"wp-block-image size-full is-resized wp-duotone-31bf9a-31bf9a-4\"><img decoding=\"async\" src=\"https:\/\/vendino.com\/wp-content\/uploads\/conveyor.svg\" alt=\"Band\u0103 transportoare\" class=\"wp-image-685\" style=\"width:auto;height:40px\"\/><\/figure>\n\n\n\n<p><strong>Extinde\u021bi-v\u0103 gama de produse<\/strong><\/p>\n<\/div>\n\n\n\n<p class=\"has-text-align-left\">Gama dvs. de produse are nevoie de o actualizare? Atunci consulta\u021bi catalogul de produse Vendino. Aici ve\u021bi g\u0103si mai mul\u021bi furnizori \u00eentr-un singur loc, astfel \u00eenc\u00e2t s\u0103 nu trebuiasc\u0103 s\u0103 c\u0103uta\u021bi \u00een mai multe loca\u021bii.<\/p>\n\n\n\n<ul class=\"is-style-checkmark-list wp-block-list\">\n<li>Descoperi\u021bi noi furnizori<\/li>\n\n\n\n<li>G\u0103si\u021bi produse noi<\/li>\n\n\n\n<li>Numai furnizori recunoscu\u021bi<\/li>\n<\/ul>\n<\/div>\n\n\n\n<div class=\"wp-block-column is-layout-flow wp-container-core-column-is-layout-e3d1c41b wp-block-column-is-layout-flow\">\n<div class=\"wp-block-group is-nowrap is-layout-flex wp-container-core-group-is-layout-6c531013 wp-block-group-is-layout-flex\">\n<figure class=\"wp-block-image size-full is-resized wp-duotone-31bf9a-31bf9a-5\"><img decoding=\"async\" src=\"https:\/\/vendino.com\/wp-content\/uploads\/cursor.svg\" alt=\"Cursor\" class=\"wp-image-686\" style=\"width:auto;height:40px\"\/><\/figure>\n\n\n\n<p><strong>Crea\u021bi produse cu c\u00e2teva clicuri<\/strong><\/p>\n<\/div>\n\n\n\n<p class=\"has-text-align-left\">De ce s\u0103 face\u021bi copy-paste pentru a crea produse \u00een magazinul dvs. online? L\u0103sa\u021bi Vendino s\u0103 se ocupe de crearea produselor.<\/p>\n\n\n\n<ul class=\"is-style-checkmark-list wp-block-list\">\n<li>Economisi\u021bi timp<\/li>\n\n\n\n<li>Evita\u021bi gre\u0219elile<\/li>\n\n\n\n<li>Face\u021bi vizibile mai multe date despre articole<\/li>\n\n\n\n<li>Selecta\u021bi cu u\u0219urin\u021b\u0103 produse din catalogul de produse<\/li>\n<\/ul>\n<\/div>\n\n\n\n<div class=\"wp-block-column is-layout-flow wp-container-core-column-is-layout-e3d1c41b wp-block-column-is-layout-flow\">\n<div class=\"wp-block-group is-nowrap is-layout-flex wp-container-core-group-is-layout-6c531013 wp-block-group-is-layout-flex\">\n<figure class=\"wp-block-image size-full is-resized wp-duotone-31bf9a-31bf9a-6\"><img decoding=\"async\" src=\"https:\/\/vendino.com\/wp-content\/uploads\/discounttag.svg\" alt=\"Reducere zi\" class=\"wp-image-720\" style=\"width:auto;height:40px\"\/><\/figure>\n\n\n\n<p><strong>Compara\u021bi pre\u021burile<\/strong><\/p>\n<\/div>\n\n\n\n<p class=\"has-text-align-left\">Evita\u021bi s\u0103 pierde\u021bi venituri din cauza pre\u021burilor de v\u00e2nzare cu am\u0103nuntul sugerate incorect de furnizorii dvs.<\/p>\n\n\n\n<ul class=\"is-style-checkmark-list wp-block-list\">\n<li>Ajustarea automat\u0103 a pre\u021burilor<\/li>\n\n\n\n<li>Stabilirea normelor pentru rata de acoperire<\/li>\n\n\n\n<li>Crea\u021bi cu pre\u021buri de v\u00e2nzare cu am\u0103nuntul sugerate implicit. pre\u021buri cu am\u0103nuntul<\/li>\n\n\n\n<li>Ob\u021binerea de c\u00e2\u0219tiguri solide<\/li>\n<\/ul>\n<\/div>\n<\/div>\n<\/div>\n<\/div>\n\n\n\n<div class=\"wp-block-group alignfull has-global-padding is-layout-constrained wp-container-core-group-is-layout-b9940f7e wp-block-group-is-layout-constrained\" style=\"margin-top:0;margin-bottom:0;padding-top:var(--wp--preset--spacing--50);padding-right:var(--wp--preset--spacing--40);padding-bottom:var(--wp--preset--spacing--50);padding-left:var(--wp--preset--spacing--40)\">\n<div class=\"wp-block-group alignwide is-vertical is-content-justification-center is-layout-flex wp-container-core-group-is-layout-6329a8f3 wp-block-group-is-layout-flex\">\n<div class=\"wp-block-group is-vertical is-content-justification-center is-layout-flex wp-container-core-group-is-layout-6329a8f3 wp-block-group-is-layout-flex\">\n<h2 class=\"wp-block-heading has-text-align-center is-style-default\">Explora\u021bi o lume a furnizorilor<\/h2>\n\n\n\n<p class=\"has-text-align-center\">Spune\u021bi adio c\u0103ut\u0103rilor online de furnizori, vizitelor epuizante la t\u00e2rguri \u0219i directoarelor telefonice. Explora\u021bi catalogul de produse Vendino unde ve\u021bi g\u0103si sute de mii de numere de articole de la diferi\u021bi furnizori din diferite industrii.<\/p>\n<\/div>\n\n\n\n<div class=\"wp-block-buttons is-content-justification-center is-layout-flex wp-container-core-buttons-is-layout-b481f376 wp-block-buttons-is-layout-flex\" style=\"margin-top:var(--wp--preset--spacing--10);margin-bottom:var(--wp--preset--spacing--10)\">\n<div class=\"wp-block-button\"><a class=\"wp-block-button__link has-accent-4-background-color has-background has-text-align-center wp-element-button\" href=\"https:\/\/app.vendino.com\/auth\/signup\">\u00cencearc\u0103 Vendino gratuit<\/a><\/div>\n<\/div>\n\n\n\n<div class=\"wp-block-group is-vertical is-content-justification-center is-layout-flex wp-container-core-group-is-layout-ce155fab wp-block-group-is-layout-flex\">\n<ul class=\"is-style-checkmark-list wp-block-list\">\n<li><em>\u00censcriere gratuit\u0103 - Nu este nevoie de card de credit.<\/em><\/li>\n<\/ul>\n<\/div>\n<\/div>\n<\/div>","protected":false},"excerpt":{"rendered":"<p>Et samletvarekatalog Tilg\u00e5 produkter fra danske og europ\u00e6iske leverand\u00f8rer fra et samlet varekatalog. Gennemsigtighed og transparens Sammenlign priser p\u00e5 samme varenumre fra forskellige leverand\u00f8rer og match produkter til dine behov. Find nye leverand\u00f8rer S\u00f8ger du nye leverand\u00f8rer af produkter til din butik? Slip for messer, s\u00f8gninger p\u00e5 nettet og telefonb\u00f8ger. Vi har samlet de bedste [&hellip;]<\/p>\n","protected":false},"author":1,"featured_media":0,"parent":0,"menu_order":0,"comment_status":"closed","ping_status":"closed","template":"page-no-title","meta":{"_acf_changed":false,"iawp_total_views":475,"footnotes":""},"class_list":["post-280","page","type-page","status-publish","hentry"],"acf":[],"_links":{"self":[{"href":"https:\/\/vendino.com\/ro\/wp-json\/wp\/v2\/pages\/280","targetHints":{"allow":["GET"]}}],"collection":[{"href":"https:\/\/vendino.com\/ro\/wp-json\/wp\/v2\/pages"}],"about":[{"href":"https:\/\/vendino.com\/ro\/wp-json\/wp\/v2\/types\/page"}],"author":[{"embeddable":true,"href":"https:\/\/vendino.com\/ro\/wp-json\/wp\/v2\/users\/1"}],"replies":[{"embeddable":true,"href":"https:\/\/vendino.com\/ro\/wp-json\/wp\/v2\/comments?post=280"}],"version-history":[{"count":0,"href":"https:\/\/vendino.com\/ro\/wp-json\/wp\/v2\/pages\/280\/revisions"}],"wp:attachment":[{"href":"https:\/\/vendino.com\/ro\/wp-json\/wp\/v2\/media?parent=280"}],"curies":[{"name":"wp","href":"https:\/\/api.w.org\/{rel}","templated":true}]}}