{"id":29,"date":"2023-12-12T16:20:36","date_gmt":"2023-12-12T15:20:36","guid":{"rendered":"https:\/\/vendino.com\/?page_id=29"},"modified":"2024-04-02T07:34:07","modified_gmt":"2024-04-02T06:34:07","slug":"automatizare","status":"publish","type":"page","link":"https:\/\/vendino.com\/ro\/automatizare\/","title":{"rendered":"Automatizare"},"content":{"rendered":"<div class=\"wp-block-group alignfull has-base-color has-accent-4-background-color has-text-color has-background has-link-color wp-elements-5dcfa8bbcc2ea61150ceb5581ff51f58 has-global-padding is-layout-constrained wp-container-core-group-is-layout-b9940f7e wp-block-group-is-layout-constrained\" style=\"margin-top:0;margin-bottom:0;padding-top:var(--wp--preset--spacing--50);padding-right:var(--wp--preset--spacing--40);padding-bottom:var(--wp--preset--spacing--50);padding-left:var(--wp--preset--spacing--40)\">\n<div class=\"wp-block-group alignwide has-global-padding is-layout-constrained wp-container-core-group-is-layout-19e250f3 wp-block-group-is-layout-constrained\">\n<div class=\"wp-block-columns alignwide is-layout-flex wp-container-core-columns-is-layout-c6809a2b wp-block-columns-is-layout-flex\">\n<div class=\"wp-block-column is-vertically-aligned-center is-layout-flow wp-block-column-is-layout-flow\" style=\"flex-basis:40%\">\n<h1 class=\"wp-block-heading is-style-default has-base-color has-text-color has-link-color has-x-large-font-size wp-elements-41ad3d7257c22f3ed828c46c5a093139\">Automatizare pentru comer\u021bul electronic \u00eembun\u0103t\u0103\u021bit\u0103<\/h1>\n\n\n\n<h2 class=\"wp-block-heading has-base-color has-text-color has-link-color has-medium-font-size wp-elements-a5abf1496e0854fa231b503b50bd92fb\">Actualiza\u021bi \u00een timp real datele despre produse ale magazinului dvs. online cu datele de inventar ale furnizorilor dvs. Crea\u021bi o conexiune direct\u0103 \u00eentre platforma dvs. de comer\u021b electronic \u0219i inventarul furnizorilor dvs.<\/h2>\n\n\n\n<ul style=\"line-height:1.75\" class=\"is-style-checkmark-list wp-block-list\">\n<li>Integr\u0103ri auto-furnizate<\/li>\n\n\n\n<li>Stimularea cre\u0219terii prin procese eficiente<\/li>\n\n\n\n<li>Sincronizarea automat\u0103 a st\u0103rii stocurilor<\/li>\n\n\n\n<li>Ajustarea automat\u0103 a pre\u021burilor<\/li>\n<\/ul>\n<\/div>\n\n\n\n<div class=\"wp-block-column is-layout-flow wp-block-column-is-layout-flow\" style=\"flex-basis:60%\">\n<figure class=\"wp-block-image size-large is-style-rounded is-style-rounded--1\"><img decoding=\"async\" width=\"1536\" height=\"796\" src=\"https:\/\/vendino.com\/wp-content\/uploads\/vendino-platform-1536x796.png\" alt=\"Platforma Vendino\" class=\"wp-image-331\" srcset=\"https:\/\/vendino.com\/wp-content\/uploads\/vendino-platform-1536x796.png 1536w, https:\/\/vendino.com\/wp-content\/uploads\/vendino-platform-768x398.png 768w, https:\/\/vendino.com\/wp-content\/uploads\/vendino-platform.png 1645w\" sizes=\"(max-width: 1536px) 100vw, 1536px\" \/><\/figure>\n<\/div>\n<\/div>\n<\/div>\n<\/div>\n\n\n\n<div class=\"wp-block-group alignfull has-base-2-background-color has-background has-global-padding is-layout-constrained wp-container-core-group-is-layout-0fa2f98f wp-block-group-is-layout-constrained\" style=\"margin-top:0;margin-bottom:0;padding-top:var(--wp--preset--spacing--50);padding-right:var(--wp--preset--spacing--40);padding-bottom:var(--wp--preset--spacing--50);padding-left:var(--wp--preset--spacing--40)\">\n<div class=\"wp-block-group is-vertical is-content-justification-center is-layout-flex wp-container-core-group-is-layout-688e84fa wp-block-group-is-layout-flex\" style=\"padding-top:0;padding-bottom:0\">\n<h2 class=\"wp-block-heading has-text-align-center is-style-default\">Solu\u021bia de automatizare<\/h2>\n\n\n\n<p class=\"has-text-align-center\">Simplifica\u021bi-v\u0103 activitatea de dropshipping cu solu\u021bia noastr\u0103 de automatizare. Uita\u021bi de procesele manuale - sistemul nostru eficientizeaz\u0103 opera\u021biunile \u0219i v\u0103 economise\u0219te timp \u0219i efort.<\/p>\n<\/div>\n\n\n\n<div class=\"wp-block-columns alignwide is-layout-flex wp-container-core-columns-is-layout-d0bbbce0 wp-block-columns-is-layout-flex\">\n<div class=\"wp-block-column is-layout-flow wp-container-core-column-is-layout-e3d1c41b wp-block-column-is-layout-flow\">\n<h3 class=\"wp-block-heading has-text-align-left is-style-default has-body-font-family has-medium-font-size\" style=\"font-style:normal;font-weight:600\">Integrarea cu furnizorul<\/h3>\n\n\n\n<p class=\"has-text-align-left\">Actualiza\u021bi constant informa\u021biile despre produse din magazinul dvs. online cu cele mai recente date de la furnizor.<\/p>\n\n\n\n<ul class=\"is-style-checkmark-list wp-block-list\">\n<li>Starea stocului automat<\/li>\n\n\n\n<li>Elimina\u021bi nevoia de fi\u0219iere CSV, XML \u0219i JSON<\/li>\n\n\n\n<li>Configurare automat\u0103 utiliz\u00e2nd Vendino<\/li>\n<\/ul>\n<\/div>\n\n\n\n<div class=\"wp-block-column is-layout-flow wp-container-core-column-is-layout-e3d1c41b wp-block-column-is-layout-flow\">\n<h3 class=\"wp-block-heading has-text-align-left is-style-default has-body-font-family has-medium-font-size\" style=\"font-style:normal;font-weight:600\">Crearea produsului cu un singur clic<\/h3>\n\n\n\n<p class=\"has-text-align-left\">Renun\u021ba\u021bi la rutina copy-paste pentru produsele din magazinul dvs. online. L\u0103sa\u021bi crearea produselor pe seama Vendino.<\/p>\n\n\n\n<ul class=\"is-style-checkmark-list wp-block-list\">\n<li>Economisirea timpului<\/li>\n\n\n\n<li>Minimizarea erorilor<\/li>\n\n\n\n<li>\u00cembog\u0103\u021bi\u021bi-v\u0103 cu date complete despre produse<\/li>\n\n\n\n<li>Selectare simpl\u0103 din catalogul de produse<\/li>\n<\/ul>\n<\/div>\n\n\n\n<div class=\"wp-block-column is-layout-flow wp-container-core-column-is-layout-e3d1c41b wp-block-column-is-layout-flow\">\n<h3 class=\"wp-block-heading has-text-align-left is-style-default has-body-font-family has-medium-font-size\" style=\"font-style:normal;font-weight:600\">Actualizarea automat\u0103 a pre\u021burilor<\/h3>\n\n\n\n<p class=\"has-text-align-left\">Elimina\u021bi procesele manuale, erorile \u00een gestionarea fi\u0219ierelor CSV, XML \u0219i JSON, gre\u0219elile de stabilire a pre\u021burilor \u0219i multe alte provoc\u0103ri ale opera\u021biunilor de comer\u021b electronic.<\/p>\n\n\n\n<ul class=\"is-style-checkmark-list wp-block-list\">\n<li>Stabilirea regulilor de avansare<\/li>\n\n\n\n<li>Pre\u021b cu am\u0103nuntul automat<\/li>\n\n\n\n<li>Garantarea unor profituri stabile<\/li>\n<\/ul>\n<\/div>\n<\/div>\n<\/div>\n\n\n\n<div class=\"wp-block-group alignfull has-global-padding is-layout-constrained wp-container-core-group-is-layout-b9940f7e wp-block-group-is-layout-constrained\" style=\"margin-top:0;margin-bottom:0;padding-top:var(--wp--preset--spacing--50);padding-right:var(--wp--preset--spacing--40);padding-bottom:var(--wp--preset--spacing--50);padding-left:var(--wp--preset--spacing--40)\">\n<div class=\"wp-block-group alignwide has-global-padding is-layout-constrained wp-container-core-group-is-layout-19e250f3 wp-block-group-is-layout-constrained\">\n<div class=\"wp-block-group is-vertical is-content-justification-center is-layout-flex wp-container-core-group-is-layout-6329a8f3 wp-block-group-is-layout-flex\">\n<h2 class=\"wp-block-heading has-text-align-center is-style-default\">Sunte\u021bi gata s\u0103 v\u0103 moderniza\u021bi magazinul online?<\/h2>\n\n\n\n<p class=\"has-text-align-center\">Spune\u021bi adio interven\u021biei manuale CSV, gestion\u0103rii fi\u0219ierelor XML &amp; JSON, erorilor de stabilire a pre\u021burilor \u0219i tuturor celorlalte provoc\u0103ri care apar odat\u0103 cu gestionarea unei afaceri de comer\u021b electronic. Explora\u021bi platforma noastr\u0103 f\u0103r\u0103 niciun cost.<\/p>\n<\/div>\n\n\n\n<div class=\"wp-block-buttons is-content-justification-center is-layout-flex wp-container-core-buttons-is-layout-b481f376 wp-block-buttons-is-layout-flex\" style=\"margin-top:var(--wp--preset--spacing--10);margin-bottom:var(--wp--preset--spacing--10)\">\n<div class=\"wp-block-button\"><a class=\"wp-block-button__link has-accent-4-background-color has-background has-text-align-center wp-element-button\" href=\"https:\/\/app.vendino.com\/auth\/signup\">\u00cencearc\u0103 Vendino gratuit<\/a><\/div>\n<\/div>\n\n\n\n<div class=\"wp-block-group is-vertical is-content-justification-center is-layout-flex wp-container-core-group-is-layout-ce155fab wp-block-group-is-layout-flex\">\n<ul class=\"is-style-checkmark-list wp-block-list\">\n<li><em>\u00censcriere gratuit\u0103 - Nu este nevoie de card de credit.<\/em><\/li>\n<\/ul>\n<\/div>\n<\/div>\n<\/div>","protected":false},"excerpt":{"rendered":"<p>Automatisering for E-handel Forbedret Opgrader din online butiks produktdata i realtid med din leverand\u00f8rs lagerdata. Skab en direkte forbindelse mellem din e-handelsplatform og dine leverand\u00f8rers lager. Automatiseringsl\u00f8sningen Effektiviser din dropshipping med vores automatiseringsl\u00f8sning. Glem manuelle processer \u2013 vores system effektiviserer driften og sparer dig for tid og arbejde. Integration med Leverand\u00f8r Hold din webshops produktinformation [&hellip;]<\/p>\n","protected":false},"author":1,"featured_media":0,"parent":0,"menu_order":0,"comment_status":"closed","ping_status":"closed","template":"page-no-title","meta":{"_acf_changed":false,"iawp_total_views":201,"footnotes":""},"class_list":["post-29","page","type-page","status-publish","hentry"],"acf":[],"_links":{"self":[{"href":"https:\/\/vendino.com\/ro\/wp-json\/wp\/v2\/pages\/29","targetHints":{"allow":["GET"]}}],"collection":[{"href":"https:\/\/vendino.com\/ro\/wp-json\/wp\/v2\/pages"}],"about":[{"href":"https:\/\/vendino.com\/ro\/wp-json\/wp\/v2\/types\/page"}],"author":[{"embeddable":true,"href":"https:\/\/vendino.com\/ro\/wp-json\/wp\/v2\/users\/1"}],"replies":[{"embeddable":true,"href":"https:\/\/vendino.com\/ro\/wp-json\/wp\/v2\/comments?post=29"}],"version-history":[{"count":0,"href":"https:\/\/vendino.com\/ro\/wp-json\/wp\/v2\/pages\/29\/revisions"}],"wp:attachment":[{"href":"https:\/\/vendino.com\/ro\/wp-json\/wp\/v2\/media?parent=29"}],"curies":[{"name":"wp","href":"https:\/\/api.w.org\/{rel}","templated":true}]}}