{"id":3,"date":"2023-11-25T16:43:06","date_gmt":"2023-11-25T16:43:06","guid":{"rendered":"https:\/\/vendino.com\/?page_id=3"},"modified":"2023-12-14T15:17:27","modified_gmt":"2023-12-14T14:17:27","slug":"politica-de-confidentialitate","status":"publish","type":"page","link":"https:\/\/vendino.com\/ro\/politica-de-confidentialitate\/","title":{"rendered":"Politica de confiden\u021bialitate"},"content":{"rendered":"<p>Pe aceast\u0103 pagin\u0103, pute\u021bi citi modul \u00een care Vendino (\"noi\") utilizeaz\u0103 informa\u021biile pe care le furniza\u021bi \/ le l\u0103sa\u021bi atunci c\u00e2nd utiliza\u021bi platforma \u0219i serviciile conexe.<\/p>\n\n\n\n<h2 class=\"wp-block-heading\" id=\"1-indsamling-af-personlige-oplysninger\">1. Colectarea de informa\u021bii cu caracter personal<\/h2>\n\n\n\n<p>\u00cen conformitate cu legisla\u021bia aplicabil\u0103, v\u0103 vom informa \u00eentotdeauna \u00eenainte de a colecta date cu caracter personal despre dumneavoastr\u0103.<\/p>\n\n\n\n<h2 class=\"wp-block-heading\" id=\"2-hvilke-personlige-oplysninger-indsamler-vi\">2. Ce informa\u021bii personale colect\u0103m?<\/h2>\n\n\n\n<p>Colect\u0103m datele dvs. personale generale, cum ar fi numele, adresa de e-mail \u0219i adresa. \u00cen plus, colect\u0103m date pentru a compila statistici \u0219i analize care ne ajut\u0103 s\u0103 ne \u00eembun\u0103t\u0103\u021bim produsele \u0219i serviciile - v\u0103 rug\u0103m s\u0103 re\u021bine\u021bi c\u0103 aceste date sunt generale\/superficiale. De exemplu, acestea includ comportamentul dvs. (adic\u0103 pe care dintre paginile noastre face\u021bi clic) \u0219i nu sunt utilizate pentru a identifica vizitatorii site-urilor noastre.<\/p>\n\n\n\n<h2 class=\"wp-block-heading\" id=\"3-hvad-bruger-vi-dine-oplysninger-til\">3. Pentru ce folosim informa\u021biile dumneavoastr\u0103?<\/h2>\n\n\n\n<p>Utiliz\u0103m numele, adresa \u0219i adresa dvs. de e-mail pentru a v\u0103 gestiona contul de utilizator \u0219i abonamentul - sub rezerva consim\u021b\u0103m\u00e2ntului dvs. atunci c\u00e2nd v\u0103 crea\u021bi abonamentul. Aceste informa\u021bii ne sunt necesare pentru a comunica cu dvs. despre produsele\/serviciile dvs. cu noi. Adresa dvs. de IP este utilizat\u0103 exclusiv ca m\u0103sur\u0103 de identificare a intruziunilor neautorizate din partea ter\u021bilor.<\/p>\n\n\n\n<h2 class=\"wp-block-heading\" id=\"4-deling-af-dine-oplysninger\">4. Partajarea informa\u021biilor dvs.<\/h2>\n\n\n\n<p>Nu \u00eemp\u0103rt\u0103\u0219im informa\u021biile dvs. cu ter\u021be p\u0103r\u021bi dec\u00e2t dac\u0103 v-a\u021bi dat acordul \u00een acest sens. Nu vom vinde niciodat\u0103 informa\u021biile dumneavoastr\u0103 unor ter\u021be p\u0103r\u021bi!<\/p>\n\n\n\n<h2 class=\"wp-block-heading\" id=\"5-sikkerhed\">5. Siguran\u021b\u0103 \u0219i securitate<\/h2>\n\n\n\n<p>Platforma noastr\u0103 este dezvoltat\u0103 \u00een conformitate cu principii \u00eenalte de securitate \u0219i ne str\u0103duim \u00eentotdeauna s\u0103 protej\u0103m calitatea \u0219i integritatea platformei. \u00cen cazul unei bre\u0219e de securitate care duce la o scurgere a datelor dumneavoastr\u0103, suntem obliga\u021bi s\u0103 v\u0103 inform\u0103m \u00een termen de 72 de ore.<\/p>\n\n\n\n<h2 class=\"wp-block-heading\" id=\"6-lagring-af-data\">6. Stocarea datelor<\/h2>\n\n\n\n<p>Stoc\u0103m datele dvs. doar at\u00e2t timp c\u00e2t este necesar pentru \u00eendeplinirea scopurilor descrise \u00een sec\u021biunea 3. Dac\u0103 dori\u021bi ca datele dvs. cu caracter personal s\u0103 fie \u0219terse de pe platforma noastr\u0103, v\u0103 rug\u0103m s\u0103 ne contacta\u021bi dup\u0103 cum se descrie \u00een partea de jos a acestei pagini.<\/p>\n\n\n\n<h2 class=\"wp-block-heading\" id=\"7-cookies-og-pixels\">7 Module cookie \u0219i pixeli<\/h2>\n\n\n\n<p>Cookie-urile sunt fi\u0219iere text de mici dimensiuni care con\u021bin un \u0219ir de caractere \u0219i identific\u0103 \u00een mod unic un utilizator. Acestea sunt trimise \u00eenapoi c\u0103tre site-ul web \u0219i\/sau c\u0103tre p\u0103r\u021bi ter\u021be. Majoritatea browserelor sunt configurate ini\u021bial pentru a accepta modulele cookie, deoarece acest lucru este cerut de majoritatea site-urilor web pentru a le putea accesa. Cu toate acestea, v\u0103 pute\u021bi modifica set\u0103rile browserului astfel \u00eenc\u00e2t acesta s\u0103 poat\u0103 refuza, \u00een general, modulele cookie, s\u0103 blocheze modulele cookie ale ter\u021bilor sau s\u0103 specifice c\u00e2nd este trimis un modul cookie.<\/p>\n\n\n\n<p>Pixelii de urm\u0103rire sunt scripturi care sunt executate atunci c\u00e2nd un utilizator ajunge pe un site web sau deschide un e-mail. Pixel-ul \u00een sine nu este vizibil \u0219i poate fi v\u0103zut doar \u00een HTML-ul site-ului web sau al e-mailului. Scriptul determin\u0103 desc\u0103rcarea pe computerul dvs. a unui cookie ter\u021b\u0103 parte sau recunoa\u0219te c\u0103 e-mailul a fost deschis.<\/p>\n\n\n\n<h3 class=\"wp-block-heading\" id=\"71-google-cookies-og--teknologier\">7.1 Cookie-uri \u0219i tehnologii Google<\/h3>\n\n\n\n<p><strong>Google Analytics:<\/strong>&nbsp;Acest modul cookie ne permite s\u0103 vedem informa\u021bii despre activit\u0103\u021bile utilizatorilor pe site, inclusiv - dar f\u0103r\u0103 a se limita la - vizualiz\u0103rile de pagini, sursa \u0219i timpul petrecut pe un site. Informa\u021biile sunt anonimizate \u0219i afi\u0219ate sub form\u0103 de numere, ceea ce \u00eenseamn\u0103 c\u0103 nu pot fi urm\u0103rite p\u00e2n\u0103 la persoane. Acest lucru contribuie la protejarea confiden\u021bialit\u0103\u021bii dumneavoastr\u0103. Prin utilizarea Google Analytics, putem vedea ce con\u021binut este popular pe site-urile noastre \u0219i ne str\u0103duim s\u0103 v\u0103 oferim mai mult din ceea ce v\u0103 place s\u0103 citi\u021bi \u0219i s\u0103 urm\u0103ri\u021bi.<\/p>\n\n\n\n<p><strong>Google Analytics Remarketing<\/strong>Google plaseaz\u0103 module cookie pe computerul dvs., ceea ce \u00eenseamn\u0103 c\u0103 atunci c\u00e2nd p\u0103r\u0103si\u021bi site-ul nostru, Google v\u0103 poate afi\u0219a anun\u021buri despre Vendino care v-ar putea interesa pe baza comportamentului dvs. anterior pe site-ul nostru. Aceste informa\u021bii nu sunt identificabile personal.<\/p>\n\n\n\n<p><strong>Google AdWords:<\/strong>&nbsp;Prin utilizarea Google Adwords, putem vedea care pagini au fost utile pentru a conduce la trimiterea de mesaje prin intermediul formularului nostru de contact. Acest lucru ne permite s\u0103 folosim mai bine bugetul nostru. Aceste informa\u021bii nu sunt identificabile personal.<\/p>\n\n\n\n<p><strong>Google Adwords Remarketing:<\/strong>&nbsp;Plaseaz\u0103 module cookie pe computerul dvs., ceea ce \u00eenseamn\u0103 c\u0103 atunci c\u00e2nd p\u0103r\u0103si\u021bi site-ul nostru, Google v\u0103 poate afi\u0219a anun\u021buri despre Vendino care v-ar putea interesa pe baza comportamentului dvs. anterior pe site-ul nostru. Aceste informa\u021bii nu sunt identificabile personal.<\/p>\n\n\n\n<p>Pute\u021bi \u00eempiedica colectarea \u0219i prelucrarea de c\u0103tre Google, \u00een viitor, a informa\u021biilor generate de cookie-ul Google cu privire la utilizarea de c\u0103tre dvs. a site-urilor noastre, desc\u0103rc\u00e2nd \u0219i instal\u00e2nd Google Analytics Opt-out Browser Add-on pentru browserul dvs. web actual. Acest add-on este disponibil la adresa&nbsp;<a href=\"https:\/\/tools.google.com\/dlpage\/gaoptout\" target=\"_blank\" rel=\"noopener\">https:\/\/tools.google.com\/dlpage\/gaoptout<\/a>.<\/p>\n\n\n\n<h3 class=\"wp-block-heading\" id=\"72-facebook-cookies\">7.2 Cookie-uri Facebook<\/h3>\n\n\n\n<p>Facebook Remarketing: Pixel-ul de urm\u0103rire al Facebook plaseaz\u0103 cookie-uri pe computerul dvs. care informeaz\u0103 Facebook c\u0103 a\u021bi accesat site-ul. Presupunem apoi c\u0103 sunte\u021bi interesat de Vendino \u0219i de con\u021binutul acestui site. Atunci c\u00e2nd vizita\u021bi Facebook, ve\u021bi fi apoi expus la informa\u021bii sau reclame cu con\u021binut similar. V\u0103 rug\u0103m s\u0103 utiliza\u021bi set\u0103rile de confiden\u021bialitate pe Facebook dac\u0103 dori\u021bi s\u0103 limita\u021bi expunerea la acest tip de marketing.<\/p>\n\n\n\n<h3 class=\"wp-block-heading\" id=\"73-linkedin\">7.3 LinkedIn<\/h3>\n\n\n\n<p>\u00cen leg\u0103tur\u0103 cu marketingul pe LinkedIn, utiliz\u0103m pixelul de urm\u0103rire LinkedIn. Acest pixel plaseaz\u0103 cookie-uri pe computerul dvs. care informeaz\u0103 LinkedIn c\u0103 a\u021bi vizitat site-ul web. Presupunem c\u0103 v-a\u021bi ar\u0103tat interesul fa\u021b\u0103 de Vendino \u0219i con\u021binutul de pe site. Prin urmare, atunci c\u00e2nd vizita\u021bi LinkedIn, este posibil s\u0103 fi\u021bi expus la informa\u021bii \u0219i\/sau reclame cu con\u021binut similar. V\u0103 rug\u0103m s\u0103 utiliza\u021bi set\u0103rile de confiden\u021bialitate pe LinkedIn dac\u0103 dori\u021bi s\u0103 v\u0103 limita\u021bi expunerea la marketing de aceast\u0103 natur\u0103.<\/p>\n\n\n\n<h4 class=\"wp-block-heading\" id=\"henvendelser\">Cereri de informa\u021bii<\/h4>\n\n\n\n<p>Dac\u0103 ave\u021bi \u00eentreb\u0103ri cu privire la politica de mai sus sau dori\u021bi s\u0103 v\u0103 exercita\u021bi drepturile GDPR, toate solicit\u0103rile trebuie adresate c\u0103tre:<\/p>\n\n\n\n<p>E-mail:\u00a0<a href=\"mailto:hello@vendino.com\">hello@vendino.com<\/a><\/p>\n\n\n\n<p>R\u0103spundem la toate solicit\u0103rile privind politica de confiden\u021bialitate c\u00e2t de repede putem \u0219i, garantat, \u00een termenul de 30 de zile stabilit de GDPR. Furniz\u0103m \u00eentotdeauna datele \u00eentr-un format care poate fi citit automat.<\/p>","protected":false},"excerpt":{"rendered":"<p>P\u00e5 denne side, kan du l\u00e6se hvordan Vendino (\u201cvi\u201d) anvender de oplysninger, som du afgiver\/efterlader dig, n\u00e5r du benytter platformen samt tilh\u00f8rende tjenester. 1. Indsamling af personlige oplysninger I henhold til den g\u00e6ldende lovgivning, vil vi altid oplyse dig forud for indsamling af personlige oplysninger om dig. 2. Hvilke personlige oplysninger indsamler vi? Vi indsamler [&hellip;]<\/p>\n","protected":false},"author":1,"featured_media":0,"parent":0,"menu_order":0,"comment_status":"closed","ping_status":"closed","template":"","meta":{"_acf_changed":false,"iawp_total_views":172,"footnotes":""},"class_list":["post-3","page","type-page","status-publish","hentry"],"acf":[],"_links":{"self":[{"href":"https:\/\/vendino.com\/ro\/wp-json\/wp\/v2\/pages\/3","targetHints":{"allow":["GET"]}}],"collection":[{"href":"https:\/\/vendino.com\/ro\/wp-json\/wp\/v2\/pages"}],"about":[{"href":"https:\/\/vendino.com\/ro\/wp-json\/wp\/v2\/types\/page"}],"author":[{"embeddable":true,"href":"https:\/\/vendino.com\/ro\/wp-json\/wp\/v2\/users\/1"}],"replies":[{"embeddable":true,"href":"https:\/\/vendino.com\/ro\/wp-json\/wp\/v2\/comments?post=3"}],"version-history":[{"count":0,"href":"https:\/\/vendino.com\/ro\/wp-json\/wp\/v2\/pages\/3\/revisions"}],"wp:attachment":[{"href":"https:\/\/vendino.com\/ro\/wp-json\/wp\/v2\/media?parent=3"}],"curies":[{"name":"wp","href":"https:\/\/api.w.org\/{rel}","templated":true}]}}