{"id":130,"date":"2023-12-14T12:52:22","date_gmt":"2023-12-14T11:52:22","guid":{"rendered":"https:\/\/vendino.com\/?page_id=130"},"modified":"2023-12-14T12:52:23","modified_gmt":"2023-12-14T11:52:23","slug":"anvandarvillkor","status":"publish","type":"page","link":"https:\/\/vendino.com\/sv\/anvandarvillkor\/","title":{"rendered":"Anv\u00e4ndarvillkor"},"content":{"rendered":"<p>Dessa allm\u00e4nna villkor (\"Avtalet\") g\u00e4ller mellan Vendino ApS och det f\u00f6retag (Anv\u00e4ndaren) som har r\u00e4tt att anv\u00e4nda och anv\u00e4nder&nbsp;<a href=\"https:\/\/vendino.com\/sv\/\">vendino.com<\/a>.<\/p>\n\n\n\n<p>I Avtalet avser \"Vendino\" f\u00f6retaget (Vendino ApS). Plattformen och alla tillh\u00f6rande underdom\u00e4ner till dom\u00e4nen \"vendino.com\" ben\u00e4mns helt enkelt som \"<a href=\"https:\/\/vendino.com&quot;\/\">www.vendino.com<\/a>\".<\/p>\n\n\n\n<h4 class=\"wp-block-heading\" id=\"1-betingelser\">1. Villkor och best\u00e4mmelser<\/h4>\n\n\n\n<ul class=\"wp-block-list\">\n<li>1.1 Dessa allm\u00e4nna villkor g\u00e4ller f\u00f6r alla avtal som ing\u00e5s den&nbsp;<a href=\"https:\/\/vendino.com\/sv\/\">www.vendino.com<\/a>&nbsp;med f\u00f6retaget Vendino ApS bakom sig.<\/li>\n<\/ul>\n\n\n\n<h4 class=\"wp-block-heading\" id=\"2--rettigheder\">2. R\u00e4ttigheter och f\u00f6rm\u00e5ner<\/h4>\n\n\n\n<ul class=\"wp-block-list\">\n<li>2.1 Alla r\u00e4ttigheter till systemet&nbsp;<a href=\"https:\/\/vendino.com\/sv\/\">www.vendino.com<\/a>&nbsp;tillh\u00f6r Vendino.<\/li>\n\n\n\n<li>2.2 Genom att k\u00f6pa ett abonnemang har anv\u00e4ndaren erh\u00e5llit en nyttjander\u00e4tt till systemet, vilken Vendino n\u00e4r som helst kan \u00e5terkalla utan f\u00f6reg\u00e5ende meddelande (se p. 8, Missbruk).<\/li>\n\n\n\n<li>2.3 Anv\u00e4ndarens r\u00e4tt att anv\u00e4nda&nbsp;<a href=\"https:\/\/vendino.com\/sv\/\">www.vendino.com<\/a>&nbsp;\u00e4r ett icke-exklusivt avtal.<\/li>\n<\/ul>\n\n\n\n<h4 class=\"wp-block-heading\" id=\"3--priser\">3. Priser<\/h4>\n\n\n\n<ul class=\"wp-block-list\">\n<li>3.1 Alla priser angivna p\u00e5&nbsp;<a href=\"https:\/\/vendino.com\/sv\/\">www.vendino.com<\/a>&nbsp;\u00e4r endast giltiga p\u00e5 orderdagen och kan \u00e4ndras av Vendino n\u00e4r som helst - observera att Vendino kommer att informera anv\u00e4ndaren minst 30 dagar innan pris\u00e4ndringen tr\u00e4der i kraft.<\/li>\n\n\n\n<li>3.2 Alla priser anges i danska kronor (DKK) och \u00e4r exklusive moms och skatter, som ska betalas i enlighet med g\u00e4llande best\u00e4mmelser.<\/li>\n<\/ul>\n\n\n\n<h4 class=\"wp-block-heading\" id=\"4--abonnement--betaling\">4. Prenumeration och betalning<\/h4>\n\n\n\n<ul class=\"wp-block-list\">\n<li>4.1 F\u00f6rv\u00e4rv av nyttjander\u00e4tt till&nbsp;<a href=\"https:\/\/vendino.com\/sv\/\">www.vendino.com<\/a>&nbsp;\u00e4r ett abonnemangsavtal som ing\u00e5s mellan Anv\u00e4ndaren och Vendino.<\/li>\n\n\n\n<li>4.2 Abonnemanget faktureras automatiskt varje m\u00e5nad tills Anv\u00e4ndaren s\u00e4ger upp abonnemanget. Upps\u00e4gning av abonnemang g\u00f6rs elektroniskt p\u00e5&nbsp;<a href=\"https:\/\/vendino.com\/sv\/\">www.vendino.com<\/a>&nbsp;eller via. e-post p\u00e5&nbsp;<a href=\"mailto:hello@vendino.com\">hello@vendino.com<\/a>.<\/li>\n\n\n\n<li>4.3 Abonnemang kan endast s\u00e4gas upp i slutet av en p\u00e5g\u00e5ende period.<\/li>\n\n\n\n<li>4.4 Vid f\u00f6rsenad betalning g\u00e4ller r\u00e4tten att anv\u00e4nda&nbsp;<a href=\"https:\/\/vendino.com\/sv\/\">www.vendino.com<\/a>&nbsp;omedelbart upph\u00e4vas om inget annat avtal har ing\u00e5tts. Tillg\u00e5ng till&nbsp;<a href=\"https:\/\/vendino.com\/sv\/\">www.vendino.com<\/a>&nbsp;kan \u00f6ppnas igen efter full betalning, om inte Vendino har sagt upp abonnemanget i f\u00f6rv\u00e4g.<\/li>\n\n\n\n<li>4.5 Vendino kan s\u00e4ga upp prenumerationen n\u00e4r som helst om Vendino misst\u00e4nker eller uppt\u00e4cker missbruk, inklusive obeh\u00f6rig \u00e5tkomst till data av anv\u00e4ndaren.<\/li>\n\n\n\n<li>4.6 Betalning f\u00f6r varor och produkter som erbjuds p\u00e5 Plattformen kommer att dras fr\u00e5n det betalkort som registrerats vid registrering (om inte annat avtalats).<\/li>\n<\/ul>\n\n\n\n<h4 class=\"wp-block-heading\" id=\"5--data\">5. Uppgifter<\/h4>\n\n\n\n<ul class=\"wp-block-list\">\n<li>5.1 Vendino har inga r\u00e4ttigheter till Anv\u00e4ndarens uppgifter.<\/li>\n\n\n\n<li>5.2 Vid upps\u00e4gning av avtalet kan Vendino radera anv\u00e4ndarens data n\u00e4r som helst och av vilken anledning som helst. Vendino m\u00e5ste informera anv\u00e4ndaren minst 10 dagar f\u00f6re raderingen av data s\u00e5 att anv\u00e4ndaren kan flytta sina egna data.<\/li>\n\n\n\n<li>5.3 Vendino \u00e4r inte ansvarigt f\u00f6r f\u00f6rlust av data oavsett orsak. I h\u00e4ndelse av dataf\u00f6rlust kommer Vendino att str\u00e4va efter att \u00e5terst\u00e4lla data med hj\u00e4lp av s\u00e4kerhetskopior, men garanterar inte att f\u00f6rlorade data \u00e5terst\u00e4lls.<\/li>\n<\/ul>\n\n\n\n<h4 class=\"wp-block-heading\" id=\"6--driftsstabilitet\">6. Operativ stabilitet<\/h4>\n\n\n\n<ul class=\"wp-block-list\">\n<li>6.1 Vendino str\u00e4var efter att uppn\u00e5 h\u00f6gsta m\u00f6jliga drifttid f\u00f6r&nbsp;<a href=\"https:\/\/vendino.com\/sv\/\">www.vendino.com<\/a>men ska inte h\u00e5llas ansvarig f\u00f6r eventuella st\u00f6rningar eller avbrott av n\u00e5gon som helst anledning.<\/li>\n\n\n\n<li>6.2 I h\u00e4ndelse av avbrott eller st\u00f6rningar str\u00e4var Vendino efter att \u00e5terst\u00e4lla normal drift s\u00e5 snart som m\u00f6jligt.<\/li>\n<\/ul>\n\n\n\n<h4 class=\"wp-block-heading\" id=\"7--brugerens-ansvar--forpligtelser\">7. Anv\u00e4ndarens ansvar och skyldigheter<\/h4>\n\n\n\n<ul class=\"wp-block-list\">\n<li>7.1 Anv\u00e4ndaren \u00e4r alltid ansvarig f\u00f6r att uppr\u00e4tth\u00e5lla anv\u00e4ndarens \u00e5tkomst till&nbsp;<a href=\"https:\/\/vendino.com.\/\">www.vendino.com.<\/a>&nbsp;Vendino ansvarar inte f\u00f6r obeh\u00f6rig \u00e5tkomst av tredje part. I h\u00e4ndelse av missbruk orsakat av obeh\u00f6rig \u00e5tkomst m\u00e5ste Vendino informeras s\u00e5 snart som m\u00f6jligt.<\/li>\n\n\n\n<li>7.2 I h\u00e4ndelse av missbruk orsakat av obeh\u00f6riga tredje parter, kan Vendino n\u00e4r som helst dra in Anv\u00e4ndarens \u00e5tkomst till&nbsp;<a href=\"https:\/\/vendino.com.\/\">www.vendino.com.<\/a>&nbsp;Vendino kommer att \u00e5terst\u00e4lla Anv\u00e4ndarens \u00e5tkomst om Vendino inte har sagt upp prenumerationen i f\u00f6rv\u00e4g.<\/li>\n\n\n\n<li>7.3 Anv\u00e4ndaren \u00e4r alltid ansvarig f\u00f6r att s\u00e4kerst\u00e4lla en internetanslutning och h\u00e5lla sig uppdaterad med de senaste versionerna av webbl\u00e4sarapplikationer som en f\u00f6ruts\u00e4ttning f\u00f6r att utnyttja nyttjander\u00e4tten f\u00f6r&nbsp;<a href=\"https:\/\/vendino.com.\/\">www.vendino.com.<\/a><\/li>\n\n\n\n<li>7.4 Anv\u00e4ndaren \u00e4r alltid ansvarig f\u00f6r att f\u00f6lja till\u00e4mplig lagstiftning.<\/li>\n<\/ul>\n\n\n\n<h4 class=\"wp-block-heading\" id=\"8--misbrug\">8. Missbruk<\/h4>\n\n\n\n<ul class=\"wp-block-list\">\n<li>8.1 Vendino f\u00e5r n\u00e4r som helst \u00e5terkalla Anv\u00e4ndarens \u00e5tkomst till&nbsp;<a href=\"https:\/\/vendino.com\/sv\/\">www.vendino.com<\/a>&nbsp;om Vendino misst\u00e4nker eller k\u00e4nner igen missbruk. I h\u00e4ndelse av misst\u00e4nkt missbruk kommer Vendino att informera Anv\u00e4ndaren s\u00e5 snart som m\u00f6jligt.<\/li>\n\n\n\n<li>8.2 Vendino str\u00e4var efter att f\u00f6rhindra missbruk av&nbsp;<a href=\"https:\/\/vendino.com\/sv\/\">www.vendino.com<\/a>men garanterar inte att missbruk, inklusive intr\u00e5ng i Vendinos IT-system, inte kan intr\u00e4ffa.<\/li>\n<\/ul>\n\n\n\n<h4 class=\"wp-block-heading\" id=\"9--fortrydelsesret\">9. R\u00e4tt till upps\u00e4gning<\/h4>\n\n\n\n<ul class=\"wp-block-list\">\n<li>9.1 Vid k\u00f6p av en prenumeration avst\u00e5r Anv\u00e4ndaren fr\u00e5n sin \u00e5ngerr\u00e4tt, eftersom prenumerationen tas i bruk omedelbart. I h\u00e4ndelse av ett annullerat k\u00f6p kan Anv\u00e4ndaren kontakta Vendino och Vendino kan, efter eget gottfinnande, \u00e5terbetala Anv\u00e4ndarens k\u00f6p.<\/li>\n<\/ul>\n\n\n\n<h4 class=\"wp-block-heading\" id=\"10-ikrafttr\u00e6den--\u00e6ndringer\">10. Ikrafttr\u00e4dande &amp; \u00e4ndringar<\/h4>\n\n\n\n<ul class=\"wp-block-list\">\n<li>10.1 Avtalet g\u00e4ller fr\u00e5n och med den 23 oktober 2020.<\/li>\n\n\n\n<li>10.2 Vendino f\u00f6rbeh\u00e5ller sig r\u00e4tten att \u00e4ndra och uppdatera villkoren i Avtalet utan f\u00f6reg\u00e5ende meddelande. Vendino str\u00e4var efter att informera Anv\u00e4ndaren om eventuella betydande \u00e4ndringar, men Anv\u00e4ndaren \u00e4r ansvarig f\u00f6r att h\u00e5lla sig uppdaterad om de till\u00e4mpliga villkoren.<\/li>\n<\/ul>","protected":false},"excerpt":{"rendered":"<p>Disse generelle vilk\u00e5r (\u201cAftalen\u201d) er g\u00e6ldende mellem Vendino ApS og virksomheden (Brugeren), der har brugsret og anvender&nbsp;vendino.com. I Aftalen refererer \u201cVendino\u201d til virksomheden (Vendino ApS). Platformen samt alle tilh\u00f8rende subdom\u00e6ner til dom\u00e6net \u201cvendino.com\u201d n\u00e6vnes blot som \u201cwww.vendino.com\u201d. 1. Betingelser 2. Rettigheder 3. Priser 4. Abonnement &amp; betaling 5. Data 6. Driftsstabilitet 7. Brugerens ansvar &amp; [&hellip;]<\/p>\n","protected":false},"author":1,"featured_media":0,"parent":0,"menu_order":0,"comment_status":"closed","ping_status":"closed","template":"","meta":{"_acf_changed":false,"iawp_total_views":156,"footnotes":""},"class_list":["post-130","page","type-page","status-publish","hentry"],"acf":[],"_links":{"self":[{"href":"https:\/\/vendino.com\/sv\/wp-json\/wp\/v2\/pages\/130","targetHints":{"allow":["GET"]}}],"collection":[{"href":"https:\/\/vendino.com\/sv\/wp-json\/wp\/v2\/pages"}],"about":[{"href":"https:\/\/vendino.com\/sv\/wp-json\/wp\/v2\/types\/page"}],"author":[{"embeddable":true,"href":"https:\/\/vendino.com\/sv\/wp-json\/wp\/v2\/users\/1"}],"replies":[{"embeddable":true,"href":"https:\/\/vendino.com\/sv\/wp-json\/wp\/v2\/comments?post=130"}],"version-history":[{"count":0,"href":"https:\/\/vendino.com\/sv\/wp-json\/wp\/v2\/pages\/130\/revisions"}],"wp:attachment":[{"href":"https:\/\/vendino.com\/sv\/wp-json\/wp\/v2\/media?parent=130"}],"curies":[{"name":"wp","href":"https:\/\/api.w.org\/{rel}","templated":true}]}}