{"id":133,"date":"2023-12-14T12:54:59","date_gmt":"2023-12-14T11:54:59","guid":{"rendered":"https:\/\/vendino.com\/?page_id=133"},"modified":"2024-05-14T11:39:55","modified_gmt":"2024-05-14T10:39:55","slug":"cookie-policy","status":"publish","type":"page","link":"https:\/\/vendino.com\/sv\/cookie-policy\/","title":{"rendered":"Policy f\u00f6r kakor"},"content":{"rendered":"<h2 class=\"wp-block-heading\" id=\"hvad-er-en-cookie\">Vad \u00e4r en kaka?<\/h2>\n\n\n\n<p>Namnet till trots \u00e4r det inte cookies vi talar om n\u00e4r vi n\u00e4mner cookies. En cookie \u00e4r ben\u00e4mningen p\u00e5 en liten \"bit\" data som webbplatser lagrar i webbl\u00e4saren. Cookies anv\u00e4nds f\u00f6r att lagra uppgifter om anv\u00e4ndaren - en cookie kan t.ex. inneh\u00e5lla uppgifter om anv\u00e4ndarens inst\u00e4llningar eller spr\u00e5kpreferenser p\u00e5 en viss webbplats. En cookie \u00e4r helt enkelt en liten datafil som kan lagras av en webbplats i din webbl\u00e4sare och som anv\u00e4nds av i stort sett alla webbplatser idag.<\/p>\n\n\n\n<h2 class=\"wp-block-heading\" id=\"hvorfor-informerer-i-om-cookies\">Varf\u00f6r informerar du om cookies?<\/h2>\n\n\n\n<p>Alla danska webbplatser \u00e4r skyldiga att informera anv\u00e4ndaren om systemets anv\u00e4ndning av cookies. Anv\u00e4ndaren m\u00e5ste d\u00e4rf\u00f6r acceptera webbplatsens anv\u00e4ndning av cookies, eftersom det enligt lag \u00e4r obligatoriskt att informera anv\u00e4ndaren om detta.<\/p>\n\n\n\n<p>Du kan l\u00e4sa mer om lagstiftningen och cookies p\u00e5 Cookie Order.&nbsp;<a href=\"https:\/\/www.retsinformation.dk\/Forms\/R0710.aspx?id=146417\" target=\"_blank\" rel=\"noopener\">F\u00f6rordningen om kakor<\/a><\/p>\n\n\n\n<h2 class=\"wp-block-heading\" id=\"hvilke-cookies-bruger-vendino\">Vilka cookies anv\u00e4nder Vendino?<\/h2>\n\n\n\n<p>Vi anv\u00e4nder f\u00f6ljande typer av cookies:<\/p>\n\n\n\n<h3 class=\"wp-block-heading\" id=\"sessionscookie\">Cookie f\u00f6r session<\/h3>\n\n\n\n<p>Syftet med denna cookie \u00e4r att g\u00f6ra anv\u00e4ndaren unik s\u00e5 att servern vet att flera f\u00f6rfr\u00e5gningar kommer fr\u00e5n olika anv\u00e4ndare. Denna cookie upph\u00f6r att g\u00e4lla n\u00e4r webbl\u00e4saren st\u00e4ngs.<\/p>\n\n\n\n<h3 class=\"wp-block-heading\" id=\"xsrf-token\">XSRF-TOKEN<\/h3>\n\n\n\n<p>Denna cookie fungerar som en s\u00e4kerhets\u00e5tg\u00e4rd f\u00f6r att s\u00e4kerst\u00e4lla att servern alltid kan validera en beg\u00e4ran. En XSRF-cookie syftar allts\u00e5 till att skydda anv\u00e4ndaren mot XSRF-attacker. Denna cookie f\u00f6rnyas vid varje f\u00f6rfr\u00e5gan och upph\u00f6r att g\u00e4lla n\u00e4r webbl\u00e4saren st\u00e4ngs.<\/p>\n\n\n\n<h3 class=\"wp-block-heading\" id=\"cookieconsent\">Godk\u00e4nnande av cookies<\/h3>\n\n\n\n<p>Denna cookie s\u00e4kerst\u00e4ller att webbplatsen kommer ih\u00e5g n\u00e4r anv\u00e4ndaren accepterar cookies. Denna cookie upph\u00f6r att g\u00e4lla efter 365 dagar.<\/p>","protected":false},"excerpt":{"rendered":"<p>Hvad er en cookie? Trods navnet er det er ikke sm\u00e5kager, vi taler om, n\u00e5r vi n\u00e6vner cookies. En cookie er betegnelsen for en lille \u2019bid\u2019 data, som hjemmesider gemmer i browseren. Cookies bruges til at lagre data om brugeren \u2013 For eksempel kan en cookie indeholde data om brugerens indstillinger eller sprog pr\u00e6ferencer p\u00e5 [&hellip;]<\/p>\n","protected":false},"author":1,"featured_media":0,"parent":0,"menu_order":0,"comment_status":"closed","ping_status":"closed","template":"","meta":{"_acf_changed":false,"iawp_total_views":122,"footnotes":""},"class_list":["post-133","page","type-page","status-publish","hentry"],"acf":[],"_links":{"self":[{"href":"https:\/\/vendino.com\/sv\/wp-json\/wp\/v2\/pages\/133","targetHints":{"allow":["GET"]}}],"collection":[{"href":"https:\/\/vendino.com\/sv\/wp-json\/wp\/v2\/pages"}],"about":[{"href":"https:\/\/vendino.com\/sv\/wp-json\/wp\/v2\/types\/page"}],"author":[{"embeddable":true,"href":"https:\/\/vendino.com\/sv\/wp-json\/wp\/v2\/users\/1"}],"replies":[{"embeddable":true,"href":"https:\/\/vendino.com\/sv\/wp-json\/wp\/v2\/comments?post=133"}],"version-history":[{"count":0,"href":"https:\/\/vendino.com\/sv\/wp-json\/wp\/v2\/pages\/133\/revisions"}],"wp:attachment":[{"href":"https:\/\/vendino.com\/sv\/wp-json\/wp\/v2\/media?parent=133"}],"curies":[{"name":"wp","href":"https:\/\/api.w.org\/{rel}","templated":true}]}}