{"id":3,"date":"2023-11-25T16:43:06","date_gmt":"2023-11-25T16:43:06","guid":{"rendered":"https:\/\/vendino.com\/?page_id=3"},"modified":"2023-12-14T15:17:27","modified_gmt":"2023-12-14T14:17:27","slug":"integritetspolicy","status":"publish","type":"page","link":"https:\/\/vendino.com\/sv\/integritetspolicy\/","title":{"rendered":"Integritetspolicy"},"content":{"rendered":"<p>P\u00e5 den h\u00e4r sidan kan du l\u00e4sa om hur Vendino (\"vi\") anv\u00e4nder den information som du tillhandah\u00e5ller\/l\u00e4mnar n\u00e4r du anv\u00e4nder plattformen och tillh\u00f6rande tj\u00e4nster.<\/p>\n\n\n\n<h2 class=\"wp-block-heading\" id=\"1-indsamling-af-personlige-oplysninger\">1. insamling av personuppgifter<\/h2>\n\n\n\n<p>I enlighet med till\u00e4mplig lag kommer vi alltid att informera dig innan vi samlar in personuppgifter om dig.<\/p>\n\n\n\n<h2 class=\"wp-block-heading\" id=\"2-hvilke-personlige-oplysninger-indsamler-vi\">2. Vilka personuppgifter samlar vi in?<\/h2>\n\n\n\n<p>Vi samlar in dina allm\u00e4nna personuppgifter s\u00e5som namn, e-post och adress. Dessutom samlar vi in uppgifter f\u00f6r att sammanst\u00e4lla statistik och analyser som hj\u00e4lper oss att f\u00f6rb\u00e4ttra v\u00e5ra produkter och tj\u00e4nster - observera att dessa uppgifter \u00e4r allm\u00e4nna\/ytliga. De omfattar t.ex. ditt beteende (dvs. vilka av v\u00e5ra sidor du klickar p\u00e5) och anv\u00e4nds inte f\u00f6r att identifiera bes\u00f6kare p\u00e5 v\u00e5ra sidor.<\/p>\n\n\n\n<h2 class=\"wp-block-heading\" id=\"3-hvad-bruger-vi-dine-oplysninger-til\">3. Vad anv\u00e4nder vi dina uppgifter till?<\/h2>\n\n\n\n<p>Vi anv\u00e4nder ditt namn, din adress och din e-postadress f\u00f6r att hantera ditt anv\u00e4ndarkonto och din prenumeration - utan ditt samtycke n\u00e4r du skapar din prenumeration. Denna information \u00e4r n\u00f6dv\u00e4ndig f\u00f6r att vi ska kunna kommunicera med dig om dina produkter\/tj\u00e4nster hos oss. Din IP-adress anv\u00e4nds enbart som en \u00e5tg\u00e4rd f\u00f6r att identifiera obeh\u00f6rigt intr\u00e5ng fr\u00e5n tredje part.<\/p>\n\n\n\n<h2 class=\"wp-block-heading\" id=\"4-deling-af-dine-oplysninger\">4. Dela med dig av din information<\/h2>\n\n\n\n<p>Vi kommer inte att dela din information med tredje part om du inte har gett ditt samtycke till detta. Vi kommer aldrig att s\u00e4lja din information till tredje part!<\/p>\n\n\n\n<h2 class=\"wp-block-heading\" id=\"5-sikkerhed\">5. S\u00e4kerhet och trygghet<\/h2>\n\n\n\n<p>V\u00e5r plattform \u00e4r utvecklad enligt h\u00f6ga s\u00e4kerhetsprinciper och vi str\u00e4var alltid efter att skydda plattformens kvalitet och integritet. I h\u00e4ndelse av en s\u00e4kerhets\u00f6vertr\u00e4delse som leder till att dina uppgifter l\u00e4cker ut \u00e4r vi skyldiga att informera dig inom 72 timmar.<\/p>\n\n\n\n<h2 class=\"wp-block-heading\" id=\"6-lagring-af-data\">6. Lagring av uppgifter<\/h2>\n\n\n\n<p>Vi lagrar endast dina uppgifter s\u00e5 l\u00e4nge som det \u00e4r n\u00f6dv\u00e4ndigt f\u00f6r att uppfylla de syften som beskrivs i avsnitt 3. Om du vill att dina personuppgifter ska raderas fr\u00e5n v\u00e5r plattform, v\u00e4nligen kontakta oss enligt beskrivningen l\u00e4ngst ner p\u00e5 denna sida.<\/p>\n\n\n\n<h2 class=\"wp-block-heading\" id=\"7-cookies-og-pixels\">7. Cookies och pixlar<\/h2>\n\n\n\n<p>Cookies \u00e4r sm\u00e5 textfiler som inneh\u00e5ller en teckenstr\u00e4ng och unikt identifierar en anv\u00e4ndare. De skickas tillbaka till webbplatsen och\/eller tredje part. De flesta webbl\u00e4sare \u00e4r fr\u00e5n b\u00f6rjan inst\u00e4llda p\u00e5 att acceptera cookies, eftersom detta kr\u00e4vs av de flesta webbplatser f\u00f6r att f\u00e5 tillg\u00e5ng till dem. Du kan dock \u00e4ndra inst\u00e4llningarna i din webbl\u00e4sare s\u00e5 att den i allm\u00e4nhet avvisar cookies, blockerar cookies fr\u00e5n tredje part eller anger n\u00e4r en cookie ska skickas.<\/p>\n\n\n\n<p>Sp\u00e5rningspixlar \u00e4r skript som k\u00f6rs n\u00e4r en anv\u00e4ndare landar p\u00e5 en webbplats eller \u00f6ppnar ett e-postmeddelande. Sj\u00e4lva pixeln \u00e4r inte synlig utan kan bara ses i webbplatsens eller e-postmeddelandets HTML. Skriptet g\u00f6r att en tredjepartscookie laddas ner till din dator eller k\u00e4nner igen att e-postmeddelandet har \u00f6ppnats.<\/p>\n\n\n\n<h3 class=\"wp-block-heading\" id=\"71-google-cookies-og--teknologier\">7.1 Googles cookies och tekniker<\/h3>\n\n\n\n<p><strong>Google Analytics:<\/strong>&nbsp;Denna cookie ger oss m\u00f6jlighet att se information om anv\u00e4ndarnas aktiviteter p\u00e5 webbplatsen, inklusive - men inte begr\u00e4nsat till - sidvisningar, k\u00e4lla och tid som spenderas p\u00e5 en webbplats. Informationen \u00e4r anonymiserad och visas som siffror, vilket inneb\u00e4r att den inte kan sp\u00e5ras tillbaka till enskilda personer. Detta bidrar till att skydda din integritet. Genom att anv\u00e4nda Google Analytics kan vi se vilket inneh\u00e5ll som \u00e4r popul\u00e4rt p\u00e5 v\u00e5ra webbplatser och vi str\u00e4var efter att ge dig mer av det du gillar att l\u00e4sa och titta p\u00e5.<\/p>\n\n\n\n<p><strong>Google Analytics Remarketing<\/strong>Google placerar cookies p\u00e5 din dator, vilket inneb\u00e4r att n\u00e4r du l\u00e4mnar v\u00e5r webbplats kan Google visa dig annonser om Vendino som du kan vara intresserad av baserat p\u00e5 ditt tidigare beteende p\u00e5 v\u00e5r webbplats. Denna information \u00e4r inte personligt identifierbar.<\/p>\n\n\n\n<p><strong>Google AdWords:<\/strong>&nbsp;Genom att anv\u00e4nda Google Adwords kan vi se vilka sidor som var till hj\u00e4lp f\u00f6r att f\u00e5 in ans\u00f6kningar via v\u00e5rt kontaktformul\u00e4r. Detta g\u00f6r att vi kan anv\u00e4nda v\u00e5r budget p\u00e5 ett b\u00e4ttre s\u00e4tt. Denna information \u00e4r inte personligt identifierbar.<\/p>\n\n\n\n<p><strong>Google Adwords Remarketing:<\/strong>&nbsp;Placerar cookies p\u00e5 din dator, vilket inneb\u00e4r att n\u00e4r du l\u00e4mnar v\u00e5r webbplats kan Google visa dig annonser om Vendino som du kan vara intresserad av baserat p\u00e5 ditt tidigare beteende p\u00e5 v\u00e5r webbplats. Denna information \u00e4r inte personligt identifierbar.<\/p>\n\n\n\n<p>Du kan f\u00f6rhindra att den information som genereras av Google-cookien om din anv\u00e4ndning av v\u00e5ra webbplatser samlas in och behandlas av Google i framtiden genom att ladda ner och installera Google Analytics Opt-out Browser Add-on f\u00f6r din nuvarande webbl\u00e4sare. Detta till\u00e4gg finns tillg\u00e4ngligt p\u00e5&nbsp;<a href=\"https:\/\/tools.google.com\/dlpage\/gaoptout\" target=\"_blank\" rel=\"noopener\">https:\/\/tools.google.com\/dlpage\/gaoptout<\/a>.<\/p>\n\n\n\n<h3 class=\"wp-block-heading\" id=\"72-facebook-cookies\">7.2 Facebook-cookies<\/h3>\n\n\n\n<p>Facebook Remarketing: Facebooks sp\u00e5rningspixel placerar cookies p\u00e5 din dator som talar om f\u00f6r Facebook att du har bes\u00f6kt webbplatsen. Vi antar d\u00e5 att du har ett intresse f\u00f6r Vendino och inneh\u00e5llet p\u00e5 denna webbplats. N\u00e4r du bes\u00f6ker Facebook kommer du d\u00e5 att exponeras f\u00f6r information eller annonser med liknande inneh\u00e5ll. Anv\u00e4nd dina sekretessinst\u00e4llningar p\u00e5 Facebook om du vill begr\u00e4nsa exponeringen f\u00f6r denna typ av marknadsf\u00f6ring.<\/p>\n\n\n\n<h3 class=\"wp-block-heading\" id=\"73-linkedin\">7.3 LinkedIn<\/h3>\n\n\n\n<p>I samband med marknadsf\u00f6ring p\u00e5 LinkedIn anv\u00e4nder vi LinkedIns sp\u00e5rningspixel. Denna pixel placerar cookies p\u00e5 din dator som talar om f\u00f6r LinkedIn att du har bes\u00f6kt webbplatsen. Genom att g\u00f6ra det antar vi att du har visat ditt intresse f\u00f6r Vendino och inneh\u00e5llet p\u00e5 webbplatsen. N\u00e4r du bes\u00f6ker LinkedIn kan du d\u00e4rf\u00f6r komma att exponeras f\u00f6r information och\/eller annonser med liknande inneh\u00e5ll. Anv\u00e4nd dina sekretessinst\u00e4llningar p\u00e5 LinkedIn om du vill begr\u00e4nsa din exponering f\u00f6r marknadsf\u00f6ring av detta slag.<\/p>\n\n\n\n<h4 class=\"wp-block-heading\" id=\"henvendelser\">F\u00f6rfr\u00e5gningar<\/h4>\n\n\n\n<p>Om du har n\u00e5gra fr\u00e5gor om ovanst\u00e5ende policy eller vill ut\u00f6va dina GDPR-r\u00e4ttigheter, ska alla f\u00f6rfr\u00e5gningar riktas till<\/p>\n\n\n\n<p>E-post:\u00a0<a href=\"mailto:hello@vendino.com\">hello@vendino.com<\/a><\/p>\n\n\n\n<p>Vi besvarar alla f\u00f6rfr\u00e5gningar om personuppgifter s\u00e5 snabbt som m\u00f6jligt och garanterat inom den tidsram p\u00e5 30 dagar som anges i GDPR. Dessutom tillhandah\u00e5ller vi alltid data i ett maskinl\u00e4sbart format.<\/p>","protected":false},"excerpt":{"rendered":"<p>P\u00e5 denne side, kan du l\u00e6se hvordan Vendino (\u201cvi\u201d) anvender de oplysninger, som du afgiver\/efterlader dig, n\u00e5r du benytter platformen samt tilh\u00f8rende tjenester. 1. Indsamling af personlige oplysninger I henhold til den g\u00e6ldende lovgivning, vil vi altid oplyse dig forud for indsamling af personlige oplysninger om dig. 2. Hvilke personlige oplysninger indsamler vi? Vi indsamler [&hellip;]<\/p>\n","protected":false},"author":1,"featured_media":0,"parent":0,"menu_order":0,"comment_status":"closed","ping_status":"closed","template":"","meta":{"_acf_changed":false,"iawp_total_views":172,"footnotes":""},"class_list":["post-3","page","type-page","status-publish","hentry"],"acf":[],"_links":{"self":[{"href":"https:\/\/vendino.com\/sv\/wp-json\/wp\/v2\/pages\/3","targetHints":{"allow":["GET"]}}],"collection":[{"href":"https:\/\/vendino.com\/sv\/wp-json\/wp\/v2\/pages"}],"about":[{"href":"https:\/\/vendino.com\/sv\/wp-json\/wp\/v2\/types\/page"}],"author":[{"embeddable":true,"href":"https:\/\/vendino.com\/sv\/wp-json\/wp\/v2\/users\/1"}],"replies":[{"embeddable":true,"href":"https:\/\/vendino.com\/sv\/wp-json\/wp\/v2\/comments?post=3"}],"version-history":[{"count":0,"href":"https:\/\/vendino.com\/sv\/wp-json\/wp\/v2\/pages\/3\/revisions"}],"wp:attachment":[{"href":"https:\/\/vendino.com\/sv\/wp-json\/wp\/v2\/media?parent=3"}],"curies":[{"name":"wp","href":"https:\/\/api.w.org\/{rel}","templated":true}]}}