{"id":44,"date":"2023-12-12T17:00:08","date_gmt":"2023-12-12T16:00:08","guid":{"rendered":"https:\/\/vendino.com\/?page_id=44"},"modified":"2024-03-21T14:20:53","modified_gmt":"2024-03-21T13:20:53","slug":"priser","status":"publish","type":"page","link":"https:\/\/vendino.com\/sv\/priser\/","title":{"rendered":"Priser"},"content":{"rendered":"<div class=\"wp-block-group alignfull has-base-2-background-color has-background has-global-padding is-layout-constrained wp-container-core-group-is-layout-55f0df76 wp-block-group-is-layout-constrained\" style=\"margin-top:0;margin-bottom:0;padding-top:var(--wp--preset--spacing--50);padding-right:var(--wp--preset--spacing--40);padding-bottom:var(--wp--preset--spacing--50);padding-left:var(--wp--preset--spacing--40)\">\n<div class=\"wp-block-group alignwide has-global-padding is-layout-constrained wp-container-core-group-is-layout-4c9bdec8 wp-block-group-is-layout-constrained\" style=\"border-radius:16px;padding-top:0;padding-right:0;padding-bottom:0;padding-left:0\">\n<div class=\"wp-block-group alignwide is-vertical is-content-justification-stretch is-layout-flex wp-container-core-group-is-layout-d275371d wp-block-group-is-layout-flex\">\n<h1 class=\"wp-block-heading has-text-align-center\">V\u00e5ra priser<\/h1>\n\n\n\n<h3 class=\"wp-block-heading has-text-align-center has-medium-font-size\">Vi erbjuder flexibla alternativ som du kan anpassa efter de olika behoven i varje projekt.<\/h3>\n\n\n\n<div class=\"wp-block-columns alignwide is-layout-flex wp-container-core-columns-is-layout-0a6c7c78 wp-block-columns-is-layout-flex\" style=\"margin-top:0;margin-bottom:0;padding-top:0;padding-right:0;padding-bottom:0;padding-left:0\">\n<div class=\"wp-block-column is-vertically-aligned-stretch has-base-background-color has-background has-global-padding is-layout-constrained wp-container-core-column-is-layout-570efc33 wp-block-column-is-layout-constrained\" style=\"border-style:none;border-width:0px;padding-top:var(--wp--preset--spacing--30);padding-right:var(--wp--preset--spacing--30);padding-bottom:var(--wp--preset--spacing--30);padding-left:var(--wp--preset--spacing--30)\">\n<div class=\"wp-block-group is-vertical is-content-justification-center is-layout-flex wp-container-core-group-is-layout-691534b7 wp-block-group-is-layout-flex\" style=\"border-style:none;border-width:0px;border-radius:0px;min-height:100%;margin-top:0;margin-bottom:0;padding-top:var(--wp--preset--spacing--30);padding-right:var(--wp--preset--spacing--30);padding-bottom:var(--wp--preset--spacing--30);padding-left:var(--wp--preset--spacing--30)\">\n<div class=\"wp-block-group is-vertical is-content-justification-center is-layout-flex wp-container-core-group-is-layout-25d6347d wp-block-group-is-layout-flex\" style=\"border-top-style:none;border-top-width:0px;border-right-style:none;border-right-width:0px;border-bottom-color:#12121229;border-bottom-style:none;border-bottom-width:0px;border-left-style:none;border-left-width:0px;min-height:126px;margin-top:0;margin-bottom:0;padding-top:0;padding-right:0;padding-bottom:0;padding-left:0\">\n<div class=\"wp-block-group has-global-padding is-layout-constrained wp-container-core-group-is-layout-5c53b157 wp-block-group-is-layout-constrained\" style=\"margin-top:0;margin-bottom:0;padding-top:0;padding-right:0;padding-bottom:0;padding-left:0\">\n<p class=\"has-text-align-center has-large-font-size\"><strong>Kostnadsfri<\/strong><\/p>\n\n\n\n<p class=\"has-text-align-center\">0kr.\/md<\/p>\n<\/div>\n\n\n\n<div class=\"wp-block-group is-vertical is-layout-flex wp-container-core-group-is-layout-515b0fb2 wp-block-group-is-layout-flex\" style=\"margin-top:0;margin-bottom:0\">\n<ul style=\"margin-bottom:0;line-height:1.5\" class=\"is-style-checkmark-list wp-block-list\">\n<li>25 produkter<\/li>\n\n\n\n<li>Standardleverant\u00f6rer<\/li>\n\n\n\n<li>1 egen leverant\u00f6r<\/li>\n\n\n\n<li>Uppdatering av Autimatic-lager<\/li>\n<\/ul>\n<\/div>\n<\/div>\n\n\n\n<div class=\"wp-block-group is-vertical is-content-justification-center is-layout-flex wp-container-core-group-is-layout-9078a248 wp-block-group-is-layout-flex\" style=\"border-top-style:none;border-top-width:0px;border-right-style:none;border-right-width:0px;border-bottom-color:#12121273;border-bottom-style:none;border-bottom-width:0px;border-left-style:none;border-left-width:0px;min-height:0%;margin-top:0;margin-bottom:0;padding-top:0;padding-right:0;padding-bottom:0;padding-left:0\">\n<div class=\"wp-block-buttons is-vertical is-content-justification-center is-layout-flex wp-container-core-buttons-is-layout-d3679266 wp-block-buttons-is-layout-flex\" style=\"margin-top:0;margin-bottom:0\">\n<div class=\"wp-block-button has-custom-width wp-block-button__width-100\"><a class=\"wp-block-button__link wp-element-button\" href=\"https:\/\/app.vendino.com\/auth\/signup\">Kom ig\u00e5ng<\/a><\/div>\n<\/div>\n<\/div>\n<\/div>\n<\/div>\n\n\n\n<div class=\"wp-block-column is-vertically-aligned-stretch has-base-background-color has-background has-global-padding is-layout-constrained wp-container-core-column-is-layout-570efc33 wp-block-column-is-layout-constrained\" style=\"border-style:none;border-width:0px;padding-top:var(--wp--preset--spacing--30);padding-right:var(--wp--preset--spacing--30);padding-bottom:var(--wp--preset--spacing--30);padding-left:var(--wp--preset--spacing--30)\">\n<div class=\"wp-block-group is-vertical is-content-justification-center is-layout-flex wp-container-core-group-is-layout-51a1ba34 wp-block-group-is-layout-flex\" style=\"border-style:none;border-width:0px;border-radius:0px;min-height:100%;margin-top:0;margin-bottom:0;padding-top:var(--wp--preset--spacing--30);padding-right:var(--wp--preset--spacing--30);padding-bottom:var(--wp--preset--spacing--30);padding-left:var(--wp--preset--spacing--30)\">\n<div class=\"wp-block-group is-vertical is-content-justification-center is-layout-flex wp-container-core-group-is-layout-25d6347d wp-block-group-is-layout-flex\" style=\"border-top-style:none;border-top-width:0px;border-right-style:none;border-right-width:0px;border-bottom-color:#12121229;border-bottom-style:none;border-bottom-width:0px;border-left-style:none;border-left-width:0px;min-height:126px;margin-top:0;margin-bottom:0;padding-top:0;padding-right:0;padding-bottom:0;padding-left:0\">\n<div class=\"wp-block-group has-global-padding is-layout-constrained wp-container-core-group-is-layout-5c53b157 wp-block-group-is-layout-constrained\" style=\"margin-top:0;margin-bottom:0;padding-top:0;padding-right:0;padding-bottom:0;padding-left:0\">\n<p class=\"has-text-align-center has-large-font-size\"><strong>Startmotor<\/strong><\/p>\n\n\n\n<p class=\"has-text-align-center\">199 kr.\/md<\/p>\n<\/div>\n\n\n\n<div class=\"wp-block-group is-vertical is-layout-flex wp-container-core-group-is-layout-515b0fb2 wp-block-group-is-layout-flex\" style=\"margin-top:0;margin-bottom:0\">\n<ul style=\"margin-bottom:0;line-height:1.5\" class=\"is-style-checkmark-list wp-block-list\">\n<li>100 produkter<\/li>\n\n\n\n<li>Standardleverant\u00f6rer<\/li>\n\n\n\n<li>1 egen leverant\u00f6r<\/li>\n\n\n\n<li>Uppdatering av Autimatic-lager<\/li>\n\n\n\n<li>Automatisk prisuppdatering<\/li>\n\n\n\n<li>\u00d6verf\u00f6ring av konto<\/li>\n<\/ul>\n<\/div>\n<\/div>\n\n\n\n<div class=\"wp-block-group is-vertical is-content-justification-center is-layout-flex wp-container-core-group-is-layout-9078a248 wp-block-group-is-layout-flex\" style=\"border-top-style:none;border-top-width:0px;border-right-style:none;border-right-width:0px;border-bottom-color:#12121273;border-bottom-style:none;border-bottom-width:0px;border-left-style:none;border-left-width:0px;min-height:0%;margin-top:0;margin-bottom:0;padding-top:0;padding-right:0;padding-bottom:0;padding-left:0\">\n<div class=\"wp-block-buttons is-vertical is-content-justification-center is-layout-flex wp-container-core-buttons-is-layout-d3679266 wp-block-buttons-is-layout-flex\" style=\"margin-top:0;margin-bottom:0\">\n<div class=\"wp-block-button has-custom-width wp-block-button__width-100\"><a class=\"wp-block-button__link wp-element-button\" href=\"https:\/\/app.vendino.com\/auth\/signup\">Kom ig\u00e5ng<\/a><\/div>\n<\/div>\n<\/div>\n<\/div>\n<\/div>\n\n\n\n<div class=\"wp-block-column is-vertically-aligned-stretch has-base-background-color has-background has-global-padding is-layout-constrained wp-container-core-column-is-layout-570efc33 wp-block-column-is-layout-constrained\" style=\"border-style:none;border-width:0px;padding-top:var(--wp--preset--spacing--30);padding-right:var(--wp--preset--spacing--30);padding-bottom:var(--wp--preset--spacing--30);padding-left:var(--wp--preset--spacing--30)\">\n<div class=\"wp-block-group is-vertical is-content-justification-center is-layout-flex wp-container-core-group-is-layout-51a1ba34 wp-block-group-is-layout-flex\" style=\"border-style:none;border-width:0px;border-radius:0px;min-height:100%;margin-top:0;margin-bottom:0;padding-top:var(--wp--preset--spacing--30);padding-right:var(--wp--preset--spacing--30);padding-bottom:var(--wp--preset--spacing--30);padding-left:var(--wp--preset--spacing--30)\">\n<div class=\"wp-block-group is-vertical is-content-justification-center is-layout-flex wp-container-core-group-is-layout-25d6347d wp-block-group-is-layout-flex\" style=\"border-top-style:none;border-top-width:0px;border-right-style:none;border-right-width:0px;border-bottom-color:#12121229;border-bottom-style:none;border-bottom-width:0px;border-left-style:none;border-left-width:0px;min-height:126px;margin-top:0;margin-bottom:0;padding-top:0;padding-right:0;padding-bottom:0;padding-left:0\">\n<div class=\"wp-block-group has-global-padding is-layout-constrained wp-container-core-group-is-layout-5c53b157 wp-block-group-is-layout-constrained\" style=\"margin-top:0;margin-bottom:0;padding-top:0;padding-right:0;padding-bottom:0;padding-left:0\">\n<p class=\"has-text-align-center has-large-font-size\"><strong>Proffs<\/strong><\/p>\n\n\n\n<p class=\"has-text-align-center\">359 kr.\/md<\/p>\n<\/div>\n\n\n\n<div class=\"wp-block-group is-vertical is-layout-flex wp-container-core-group-is-layout-515b0fb2 wp-block-group-is-layout-flex\" style=\"margin-top:0;margin-bottom:0\">\n<ul style=\"margin-bottom:0;line-height:1.5\" class=\"is-style-checkmark-list wp-block-list\">\n<li>500 produkter<\/li>\n\n\n\n<li>Standardleverant\u00f6rer<\/li>\n\n\n\n<li>3 egen leverant\u00f6r<\/li>\n\n\n\n<li>Uppdatering av Autimatic-lager<\/li>\n\n\n\n<li>Automatisk prisuppdatering<\/li>\n\n\n\n<li>\u00d6verf\u00f6ring av konto<\/li>\n<\/ul>\n<\/div>\n<\/div>\n\n\n\n<div class=\"wp-block-group is-vertical is-content-justification-center is-layout-flex wp-container-core-group-is-layout-9078a248 wp-block-group-is-layout-flex\" style=\"border-top-style:none;border-top-width:0px;border-right-style:none;border-right-width:0px;border-bottom-color:#12121273;border-bottom-style:none;border-bottom-width:0px;border-left-style:none;border-left-width:0px;min-height:0%;margin-top:0;margin-bottom:0;padding-top:0;padding-right:0;padding-bottom:0;padding-left:0\">\n<div class=\"wp-block-buttons is-vertical is-content-justification-center is-layout-flex wp-container-core-buttons-is-layout-d3679266 wp-block-buttons-is-layout-flex\" style=\"margin-top:0;margin-bottom:0\">\n<div class=\"wp-block-button has-custom-width wp-block-button__width-100\"><a class=\"wp-block-button__link wp-element-button\" href=\"https:\/\/app.vendino.com\/auth\/signup\">Kom ig\u00e5ng<\/a><\/div>\n<\/div>\n<\/div>\n<\/div>\n<\/div>\n<\/div>\n\n\n\n<div class=\"wp-block-group has-base-background-color has-background is-vertical is-content-justification-left is-layout-flex wp-container-core-group-is-layout-fad980eb wp-block-group-is-layout-flex\" style=\"margin-top:0;margin-bottom:0;padding-top:var(--wp--preset--spacing--30);padding-right:var(--wp--preset--spacing--30);padding-bottom:var(--wp--preset--spacing--30);padding-left:var(--wp--preset--spacing--30)\">\n<div class=\"wp-block-group is-vertical is-content-justification-left is-layout-flex wp-container-core-group-is-layout-0c84590b wp-block-group-is-layout-flex\">\n<p class=\"has-large-font-size\"><strong>Skala<\/strong><\/p>\n\n\n\n<p>Har du \u00f6ver 500 produkter eller behov som g\u00e5r ut\u00f6ver v\u00e5ra paket?<br>S\u00e5 tveka inte att kontakta oss.<\/p>\n<\/div>\n\n\n\n<div class=\"wp-block-buttons is-layout-flex wp-block-buttons-is-layout-flex\" style=\"margin-top:0;margin-bottom:0\">\n<div class=\"wp-block-button has-custom-width wp-block-button__width-100\"><a class=\"wp-block-button__link wp-element-button\" href=\"https:\/\/vendino.com\/sv\/kontakt\/\">Kontakta oss<\/a><\/div>\n<\/div>\n<\/div>\n<\/div>\n<\/div>\n<\/div>\n\n\n\n<div class=\"wp-block-group alignfull has-base-2-background-color has-background has-global-padding is-layout-constrained wp-container-core-group-is-layout-75012026 wp-block-group-is-layout-constrained\" style=\"margin-top:0;margin-bottom:0;padding-top:var(--wp--preset--spacing--40);padding-right:var(--wp--preset--spacing--60);padding-bottom:var(--wp--preset--spacing--40);padding-left:var(--wp--preset--spacing--60)\">\n<div class=\"wp-block-group alignwide is-vertical is-content-justification-center is-layout-flex wp-container-core-group-is-layout-ce155fab wp-block-group-is-layout-flex\">\n<p class=\"has-text-align-center has-heading-font-family has-large-font-size\" style=\"font-style:normal;font-weight:400;line-height:1.2\">Genom att anv\u00e4nda Vendino har vi sparat massor av timmar p\u00e5 produktutveckling.<\/p>\n\n\n\n<p class=\"has-text-align-center\"><strong>Filip Hansen<\/strong><br>\u00c4gare av onlinebutik<\/p>\n<\/div>\n<\/div>\n\n\n\n<div class=\"wp-block-group alignfull has-global-padding is-content-justification-center is-layout-constrained wp-container-core-group-is-layout-80d19271 wp-block-group-is-layout-constrained\" style=\"margin-top:0;margin-bottom:0;padding-top:var(--wp--preset--spacing--50);padding-right:var(--wp--preset--spacing--40);padding-bottom:var(--wp--preset--spacing--50);padding-left:var(--wp--preset--spacing--40)\">\n<div class=\"wp-block-group has-global-padding is-layout-constrained wp-container-core-group-is-layout-7851ff72 wp-block-group-is-layout-constrained\" style=\"padding-top:var(--wp--preset--spacing--20);padding-right:var(--wp--preset--spacing--20);padding-bottom:var(--wp--preset--spacing--20);padding-left:var(--wp--preset--spacing--20)\">\n<h2 class=\"wp-block-heading alignwide has-text-align-center has-contrast-color has-text-color has-link-color wp-elements-f9ccf66b6e5c281f908877676e1521a0\" style=\"margin-top:0;margin-right:0;margin-bottom:0;margin-left:0;padding-top:0;padding-right:0;padding-bottom:0;padding-left:0\">Vanliga fr\u00e5gor och svar<\/h2>\n<\/div>\n\n\n\n<div class=\"wp-block-group has-base-2-background-color has-background has-global-padding is-layout-constrained wp-container-core-group-is-layout-287b1780 wp-block-group-is-layout-constrained\" style=\"margin-top:0;padding-top:0;padding-right:var(--wp--preset--spacing--20);padding-bottom:0;padding-left:var(--wp--preset--spacing--20)\">\n<details class=\"wp-block-details is-style-arrow-icon-details has-medium-font-size is-layout-flow wp-block-details-is-layout-flow\" style=\"border-top-style:none;border-top-width:0px;border-right-style:none;border-right-width:0px;border-bottom-color:var(--wp--preset--color--base);border-bottom-style:solid;border-bottom-width:1px;border-left-style:none;border-left-width:0px;margin-top:0\"><summary>Vad kr\u00e4vs f\u00f6r att komma ig\u00e5ng?<\/summary>\n<p>F\u00f6r att komma ig\u00e5ng med Vendino m\u00e5ste din webbutik vara baserad p\u00e5 n\u00e5got av f\u00f6ljande webbshopssystem:<\/p>\n\n\n\n<ul class=\"wp-block-list\">\n<li>Shopify<\/li>\n\n\n\n<li>DanDomain<\/li>\n\n\n\n<li>WooCommerce<\/li>\n<\/ul>\n\n\n\n<p>Installera sedan v\u00e5r app\/plugin i din webbutik, varefter din webbutik kommer att anslutas till Vendino och du kan b\u00f6rja anv\u00e4nda Vendino!<\/p>\n<\/details>\n\n\n\n<details class=\"wp-block-details is-style-arrow-icon-details has-medium-font-size is-layout-flow wp-block-details-is-layout-flow\" style=\"border-top-style:none;border-top-width:0px;border-right-style:none;border-right-width:0px;border-bottom-color:var(--wp--preset--color--base);border-bottom-style:solid;border-bottom-width:1px;border-left-style:none;border-left-width:0px;margin-top:0\"><summary>Jag har ett dropshippingavtal med min leverant\u00f6r. Kan jag anv\u00e4nda Vendino f\u00f6r detta?<\/summary>\n<p class=\"has-contrast-1-color has-text-color has-link-color wp-elements-f1585fa0a2d260d8b089f4030119b8b0\">Absolut. Med Vendino kommer dina produkter att synkroniseras med leverant\u00f6rens produktfl\u00f6de och d\u00e4rmed ocks\u00e5 \u00e5terspegla eventuella f\u00f6r\u00e4ndringar i lagerstatus etc. i din webbutik.<\/p>\n<\/details>\n\n\n\n<details class=\"wp-block-details is-style-arrow-icon-details has-medium-font-size is-layout-flow wp-block-details-is-layout-flow\" style=\"border-top-style:none;border-top-width:0px;border-right-style:none;border-right-width:0px;border-bottom-color:var(--wp--preset--color--base);border-bottom-style:solid;border-bottom-width:1px;border-left-style:none;border-left-width:0px;margin-top:0\"><summary>Erbjuder Vendino hj\u00e4lp med att komma ig\u00e5ng?<\/summary>\n<p class=\"has-contrast-1-color has-text-color has-link-color wp-elements-5efaa95650a40218673c1c5724bf0b21\">Det g\u00f6r vi verkligen! Kontakta oss f\u00f6r att boka ett m\u00f6te med en p\u00e5litlig r\u00e5dgivare som tar dig igenom v\u00e5ra funktioner utan f\u00f6rpliktelser.<\/p>\n<\/details>\n\n\n\n<details class=\"wp-block-details is-style-arrow-icon-details has-medium-font-size is-layout-flow wp-block-details-is-layout-flow\" style=\"border-top-style:none;border-top-width:0px;border-right-style:none;border-right-width:0px;border-bottom-color:var(--wp--preset--color--base);border-bottom-style:solid;border-bottom-width:1px;border-left-style:none;border-left-width:0px;margin-top:0\"><summary>Vilken l\u00f6sning ska jag v\u00e4lja?<\/summary>\n<p class=\"has-contrast-1-color has-text-color has-link-color wp-elements-5436dc0a969ef90e11641819da7fef46\">Vi erbjuder tre olika l\u00f6sningar&nbsp;<a href=\"https:\/\/vendino.com\/sv\/priser\/\">Vendino Starter<\/a>,&nbsp;<a href=\"https:\/\/vendino.com\/sv\/priser\/\">Vendino Pro<\/a>&nbsp;och&nbsp;<a href=\"https:\/\/vendino.com\/sv\/priser\/\">Vendino-skala<\/a>. Du har alltid m\u00f6jlighet att uppgradera eller nedgradera din l\u00f6sning s\u00e5 att den passar dina behov.<\/p>\n<\/details>\n<\/div>\n\n\n\n<div class=\"wp-block-group has-accent-background-color has-background has-global-padding is-layout-constrained wp-container-core-group-is-layout-7851ff72 wp-block-group-is-layout-constrained\" style=\"padding-top:var(--wp--preset--spacing--20);padding-right:var(--wp--preset--spacing--20);padding-bottom:var(--wp--preset--spacing--20);padding-left:var(--wp--preset--spacing--20)\">\n<p class=\"has-text-align-center\"><a href=\"https:\/\/vendino.com\/sv\/kontakt\/\" data-type=\"page\" data-id=\"268\">Har du fortfarande fr\u00e5gor?<br>Kontakta v\u00e5rt supportteam<\/a><\/p>\n<\/div>\n<\/div>","protected":false},"excerpt":{"rendered":"<p>Genom att anv\u00e4nda Vendino har vi sparat m\u00e5nga timmar p\u00e5 att skapa produkter. Filip HansenButiks\u00e4gare<\/p>","protected":false},"author":1,"featured_media":0,"parent":0,"menu_order":0,"comment_status":"closed","ping_status":"closed","template":"page-no-title","meta":{"_acf_changed":false,"iawp_total_views":541,"footnotes":""},"class_list":["post-44","page","type-page","status-publish","hentry"],"acf":[],"_links":{"self":[{"href":"https:\/\/vendino.com\/sv\/wp-json\/wp\/v2\/pages\/44","targetHints":{"allow":["GET"]}}],"collection":[{"href":"https:\/\/vendino.com\/sv\/wp-json\/wp\/v2\/pages"}],"about":[{"href":"https:\/\/vendino.com\/sv\/wp-json\/wp\/v2\/types\/page"}],"author":[{"embeddable":true,"href":"https:\/\/vendino.com\/sv\/wp-json\/wp\/v2\/users\/1"}],"replies":[{"embeddable":true,"href":"https:\/\/vendino.com\/sv\/wp-json\/wp\/v2\/comments?post=44"}],"version-history":[{"count":0,"href":"https:\/\/vendino.com\/sv\/wp-json\/wp\/v2\/pages\/44\/revisions"}],"wp:attachment":[{"href":"https:\/\/vendino.com\/sv\/wp-json\/wp\/v2\/media?parent=44"}],"curies":[{"name":"wp","href":"https:\/\/api.w.org\/{rel}","templated":true}]}}